{"id":1464,"date":"2024-10-12T10:45:15","date_gmt":"2024-10-12T10:45:15","guid":{"rendered":"https:\/\/wp.rrdevs.net\/artima\/?page_id=1464"},"modified":"2025-02-26T16:20:08","modified_gmt":"2025-02-26T13:20:08","slug":"referanslarimiz","status":"publish","type":"page","link":"https:\/\/www.canarch.com.tr\/en\/our-references\/","title":{"rendered":"Our references"},"content":{"rendered":"<div data-elementor-type=\"wp-page\" data-elementor-id=\"1464\" class=\"elementor elementor-1464\">\n\t\t\t\t<div class=\"elementor-element elementor-element-d5d045b e-flex e-con-boxed e-con e-parent\" data-id=\"d5d045b\" data-element_type=\"container\">\n\t\t\t\t\t<div class=\"e-con-inner\">\n\t\t<div class=\"elementor-element elementor-element-7d6d57f e-con-full e-flex e-con e-child\" data-id=\"7d6d57f\" data-element_type=\"container\">\n\t\t<div class=\"elementor-element elementor-element-1b085d6 e-con-full e-flex e-con e-child\" data-id=\"1b085d6\" data-element_type=\"container\">\n\t\t\t\t<div class=\"elementor-element elementor-element-ea7ad91 elementor-widget elementor-widget-rr-project-box\" data-id=\"ea7ad91\" data-element_type=\"widget\" data-widget_type=\"rr-project-box.default\">\n\t\t\t\t<div class=\"elementor-widget-container\">\n\t\t\t\t\t\r\n\r\n<!--\ttestimonial style 2 -->\r\n<div class=\"projects__wrapper ele-section\">\r\n    <div class=\"projects__item\">\r\n        <div class=\"has--overlay\"><\/div>\r\n        <div class=\"has--overlay-2\"><\/div>\r\n        <div class=\"projects__media\">\r\n                        <img decoding=\"async\" src=\"https:\/\/www.canarch.com.tr\/wp-content\/uploads\/2024\/10\/grand-hayat-baku.jpg\" alt=\"\">\r\n                    <\/div>\r\n\r\n        <div class=\"projects__text-top\">\r\n            <h2 class=\"rr-el-title\">01<\/h2>\r\n            <span class=\"rr-el-desc\"><\/span>\r\n            <h6 class=\"rr-el-title\"><a\r\n                    href=\"https:\/\/www.canarch.com.tr\/en\/grand-hayat-housing-project\/\">Grand Hayat Housing Project<\/a>\r\n            <\/h6>\r\n        <\/div>\r\n        <div class=\"projects__text-bottom\">\r\n            <h2>01<\/h2>\r\n            <span><\/span>\r\n            <h6 class=\"rr-el-title\"><a\r\n                    href=\"https:\/\/www.canarch.com.tr\/en\/grand-hayat-housing-project\/\">Grand Hayat Housing Project<\/a>\r\n            <\/h6>\r\n        <\/div>\r\n\r\n        <a class=\"projects__arrow\" href=\"https:\/\/www.canarch.com.tr\/en\/grand-hayat-housing-project\/\">\r\n            <svg width=\"16\" height=\"16\" viewbox=\"0 0 16 16\" fill=\"none\" xmlns=\"http:\/\/www.w3.org\/2000\/svg\">\r\n                <path d=\"M1 8.00018H15\" stroke=\"#906E50\" stroke-width=\"1.5\" stroke-linecap=\"round\"\r\n                    stroke-linejoin=\"round\" \/>\r\n                <path d=\"M8 1.00018L15 8.00018L8 15.0002\" stroke=\"#906E50\" stroke-width=\"1.5\" stroke-linecap=\"round\"\r\n                    stroke-linejoin=\"round\" \/>\r\n            <\/svg>\r\n        <\/a>\r\n    <\/div>\r\n<\/div>\r\n\t\t\t\t<\/div>\n\t\t\t\t<\/div>\n\t\t\t\t<\/div>\n\t\t<div class=\"elementor-element elementor-element-6366232 e-con-full e-flex e-con e-child\" data-id=\"6366232\" data-element_type=\"container\">\n\t\t\t\t<div class=\"elementor-element elementor-element-0d1f2f0 elementor-widget elementor-widget-rr-project-box\" data-id=\"0d1f2f0\" data-element_type=\"widget\" data-widget_type=\"rr-project-box.default\">\n\t\t\t\t<div class=\"elementor-widget-container\">\n\t\t\t\t\t\r\n\r\n<!--\ttestimonial style 2 -->\r\n<div class=\"projects__wrapper ele-section\">\r\n    <div class=\"projects__item\">\r\n        <div class=\"has--overlay\"><\/div>\r\n        <div class=\"has--overlay-2\"><\/div>\r\n        <div class=\"projects__media\">\r\n                        <img decoding=\"async\" src=\"https:\/\/www.canarch.com.tr\/wp-content\/uploads\/2024\/10\/kres-2.jpg\" alt=\"\">\r\n                    <\/div>\r\n\r\n        <div class=\"projects__text-top\">\r\n            <h2 class=\"rr-el-title\">02<\/h2>\r\n            <span class=\"rr-el-desc\"><\/span>\r\n            <h6 class=\"rr-el-title\"><a\r\n                    href=\"https:\/\/www.canarch.com.tr\/en\/zerife-aliyeva-named-children-nursery\/\">Children's Nursery in Name of Zerife Aliyeva<\/a>\r\n            <\/h6>\r\n        <\/div>\r\n        <div class=\"projects__text-bottom\">\r\n            <h2>02<\/h2>\r\n            <span><\/span>\r\n            <h6 class=\"rr-el-title\"><a\r\n                    href=\"https:\/\/www.canarch.com.tr\/en\/zerife-aliyeva-named-children-nursery\/\">Children's Nursery in Name of Zerife Aliyeva<\/a>\r\n            <\/h6>\r\n        <\/div>\r\n\r\n        <a class=\"projects__arrow\" href=\"https:\/\/www.canarch.com.tr\/en\/zerife-aliyeva-named-children-nursery\/\">\r\n            <svg width=\"16\" height=\"16\" viewbox=\"0 0 16 16\" fill=\"none\" xmlns=\"http:\/\/www.w3.org\/2000\/svg\">\r\n                <path d=\"M1 8.00018H15\" stroke=\"#906E50\" stroke-width=\"1.5\" stroke-linecap=\"round\"\r\n                    stroke-linejoin=\"round\" \/>\r\n                <path d=\"M8 1.00018L15 8.00018L8 15.0002\" stroke=\"#906E50\" stroke-width=\"1.5\" stroke-linecap=\"round\"\r\n                    stroke-linejoin=\"round\" \/>\r\n            <\/svg>\r\n        <\/a>\r\n    <\/div>\r\n<\/div>\r\n\t\t\t\t<\/div>\n\t\t\t\t<\/div>\n\t\t\t\t<\/div>\n\t\t<div class=\"elementor-element elementor-element-f19a3c0 e-con-full e-flex e-con e-child\" data-id=\"f19a3c0\" data-element_type=\"container\">\n\t\t\t\t<div class=\"elementor-element elementor-element-47abc8e elementor-widget elementor-widget-rr-project-box\" data-id=\"47abc8e\" data-element_type=\"widget\" data-widget_type=\"rr-project-box.default\">\n\t\t\t\t<div class=\"elementor-widget-container\">\n\t\t\t\t\t\r\n\r\n<!--\ttestimonial style 2 -->\r\n<div class=\"projects__wrapper ele-section\">\r\n    <div class=\"projects__item\">\r\n        <div class=\"has--overlay\"><\/div>\r\n        <div class=\"has--overlay-2\"><\/div>\r\n        <div class=\"projects__media\">\r\n                        <img decoding=\"async\" src=\"https:\/\/www.canarch.com.tr\/wp-content\/uploads\/2024\/10\/panorama-bayil.jpg\" alt=\"\">\r\n                    <\/div>\r\n\r\n        <div class=\"projects__text-top\">\r\n            <h2 class=\"rr-el-title\">03<\/h2>\r\n            <span class=\"rr-el-desc\"><\/span>\r\n            <h6 class=\"rr-el-title\"><a\r\n                    href=\"https:\/\/www.canarch.com.tr\/en\/panorama-bayil\/\">Panorama Bayil<\/a>\r\n            <\/h6>\r\n        <\/div>\r\n        <div class=\"projects__text-bottom\">\r\n            <h2>03<\/h2>\r\n            <span><\/span>\r\n            <h6 class=\"rr-el-title\"><a\r\n                    href=\"https:\/\/www.canarch.com.tr\/en\/panorama-bayil\/\">Panorama Bayil<\/a>\r\n            <\/h6>\r\n        <\/div>\r\n\r\n        <a class=\"projects__arrow\" href=\"https:\/\/www.canarch.com.tr\/en\/panorama-bayil\/\">\r\n            <svg width=\"16\" height=\"16\" viewbox=\"0 0 16 16\" fill=\"none\" xmlns=\"http:\/\/www.w3.org\/2000\/svg\">\r\n                <path d=\"M1 8.00018H15\" stroke=\"#906E50\" stroke-width=\"1.5\" stroke-linecap=\"round\"\r\n                    stroke-linejoin=\"round\" \/>\r\n                <path d=\"M8 1.00018L15 8.00018L8 15.0002\" stroke=\"#906E50\" stroke-width=\"1.5\" stroke-linecap=\"round\"\r\n                    stroke-linejoin=\"round\" \/>\r\n            <\/svg>\r\n        <\/a>\r\n    <\/div>\r\n<\/div>\r\n\t\t\t\t<\/div>\n\t\t\t\t<\/div>\n\t\t\t\t<\/div>\n\t\t\t\t<\/div>\n\t\t\t\t\t<\/div>\n\t\t\t\t<\/div>\n\t\t<div class=\"elementor-element elementor-element-5eb6e9e e-flex e-con-boxed e-con e-parent\" data-id=\"5eb6e9e\" data-element_type=\"container\">\n\t\t\t\t\t<div class=\"e-con-inner\">\n\t\t<div class=\"elementor-element elementor-element-1ad4395 e-con-full e-flex e-con e-child\" data-id=\"1ad4395\" data-element_type=\"container\">\n\t\t<div class=\"elementor-element elementor-element-dc3bf1d e-con-full e-flex e-con e-child\" data-id=\"dc3bf1d\" data-element_type=\"container\">\n\t\t\t\t<div class=\"elementor-element elementor-element-62f52c5 elementor-widget elementor-widget-rr-project-box\" data-id=\"62f52c5\" data-element_type=\"widget\" data-widget_type=\"rr-project-box.default\">\n\t\t\t\t<div class=\"elementor-widget-container\">\n\t\t\t\t\t\r\n\r\n<!--\ttestimonial style 2 -->\r\n<div class=\"projects__wrapper ele-section\">\r\n    <div class=\"projects__item\">\r\n        <div class=\"has--overlay\"><\/div>\r\n        <div class=\"has--overlay-2\"><\/div>\r\n        <div class=\"projects__media\">\r\n                        <img decoding=\"async\" src=\"https:\/\/www.canarch.com.tr\/wp-content\/uploads\/2025\/02\/hilton-otel-canarch.png\" alt=\"\">\r\n                    <\/div>\r\n\r\n        <div class=\"projects__text-top\">\r\n            <h2 class=\"rr-el-title\">04<\/h2>\r\n            <span class=\"rr-el-desc\"><\/span>\r\n            <h6 class=\"rr-el-title\"><a\r\n                    href=\"https:\/\/www.canarch.com.tr\/en\/hilton-hotel\/\">Hilton Hotel<\/a>\r\n            <\/h6>\r\n        <\/div>\r\n        <div class=\"projects__text-bottom\">\r\n            <h2>04<\/h2>\r\n            <span><\/span>\r\n            <h6 class=\"rr-el-title\"><a\r\n                    href=\"https:\/\/www.canarch.com.tr\/en\/hilton-hotel\/\">Hilton Hotel<\/a>\r\n            <\/h6>\r\n        <\/div>\r\n\r\n        <a class=\"projects__arrow\" href=\"https:\/\/www.canarch.com.tr\/en\/hilton-hotel\/\">\r\n            <svg width=\"16\" height=\"16\" viewbox=\"0 0 16 16\" fill=\"none\" xmlns=\"http:\/\/www.w3.org\/2000\/svg\">\r\n                <path d=\"M1 8.00018H15\" stroke=\"#906E50\" stroke-width=\"1.5\" stroke-linecap=\"round\"\r\n                    stroke-linejoin=\"round\" \/>\r\n                <path d=\"M8 1.00018L15 8.00018L8 15.0002\" stroke=\"#906E50\" stroke-width=\"1.5\" stroke-linecap=\"round\"\r\n                    stroke-linejoin=\"round\" \/>\r\n            <\/svg>\r\n        <\/a>\r\n    <\/div>\r\n<\/div>\r\n\t\t\t\t<\/div>\n\t\t\t\t<\/div>\n\t\t\t\t<\/div>\n\t\t<div class=\"elementor-element elementor-element-30c9173 e-con-full e-flex e-con e-child\" data-id=\"30c9173\" data-element_type=\"container\">\n\t\t\t\t<div class=\"elementor-element elementor-element-c3f6529 elementor-widget elementor-widget-rr-project-box\" data-id=\"c3f6529\" data-element_type=\"widget\" data-widget_type=\"rr-project-box.default\">\n\t\t\t\t<div class=\"elementor-widget-container\">\n\t\t\t\t\t\r\n\r\n<!--\ttestimonial style 2 -->\r\n<div class=\"projects__wrapper ele-section\">\r\n    <div class=\"projects__item\">\r\n        <div class=\"has--overlay\"><\/div>\r\n        <div class=\"has--overlay-2\"><\/div>\r\n        <div class=\"projects__media\">\r\n                        <img decoding=\"async\" src=\"https:\/\/www.canarch.com.tr\/wp-content\/uploads\/2024\/10\/baku.jpg\" alt=\"\">\r\n                    <\/div>\r\n\r\n        <div class=\"projects__text-top\">\r\n            <h2 class=\"rr-el-title\">05<\/h2>\r\n            <span class=\"rr-el-desc\"><\/span>\r\n            <h6 class=\"rr-el-title\"><a\r\n                    href=\"https:\/\/www.canarch.com.tr\/en\/baku-nar-residence\/\">Baku Nar Residence<\/a>\r\n            <\/h6>\r\n        <\/div>\r\n        <div class=\"projects__text-bottom\">\r\n            <h2>05<\/h2>\r\n            <span><\/span>\r\n            <h6 class=\"rr-el-title\"><a\r\n                    href=\"https:\/\/www.canarch.com.tr\/en\/baku-nar-residence\/\">Baku Nar Residence<\/a>\r\n            <\/h6>\r\n        <\/div>\r\n\r\n        <a class=\"projects__arrow\" href=\"https:\/\/www.canarch.com.tr\/en\/baku-nar-residence\/\">\r\n            <svg width=\"16\" height=\"16\" viewbox=\"0 0 16 16\" fill=\"none\" xmlns=\"http:\/\/www.w3.org\/2000\/svg\">\r\n                <path d=\"M1 8.00018H15\" stroke=\"#906E50\" stroke-width=\"1.5\" stroke-linecap=\"round\"\r\n                    stroke-linejoin=\"round\" \/>\r\n                <path d=\"M8 1.00018L15 8.00018L8 15.0002\" stroke=\"#906E50\" stroke-width=\"1.5\" stroke-linecap=\"round\"\r\n                    stroke-linejoin=\"round\" \/>\r\n            <\/svg>\r\n        <\/a>\r\n    <\/div>\r\n<\/div>\r\n\t\t\t\t<\/div>\n\t\t\t\t<\/div>\n\t\t\t\t<\/div>\n\t\t<div class=\"elementor-element elementor-element-549d547 e-con-full e-flex e-con e-child\" data-id=\"549d547\" data-element_type=\"container\">\n\t\t\t\t<div class=\"elementor-element elementor-element-9005299 elementor-widget elementor-widget-rr-project-box\" data-id=\"9005299\" data-element_type=\"widget\" data-widget_type=\"rr-project-box.default\">\n\t\t\t\t<div class=\"elementor-widget-container\">\n\t\t\t\t\t\r\n\r\n<!--\ttestimonial style 2 -->\r\n<div class=\"projects__wrapper ele-section\">\r\n    <div class=\"projects__item\">\r\n        <div class=\"has--overlay\"><\/div>\r\n        <div class=\"has--overlay-2\"><\/div>\r\n        <div class=\"projects__media\">\r\n                        <img decoding=\"async\" src=\"https:\/\/www.canarch.com.tr\/wp-content\/uploads\/2024\/10\/canarch-mahkeme-binasi.jpg\" alt=\"\">\r\n                    <\/div>\r\n\r\n        <div class=\"projects__text-top\">\r\n            <h2 class=\"rr-el-title\">06<\/h2>\r\n            <span class=\"rr-el-desc\"><\/span>\r\n            <h6 class=\"rr-el-title\"><a\r\n                    href=\"https:\/\/www.canarch.com.tr\/en\/binegedi-rayon-court-building\/\">Binegedi B\u00f6lgesi Mahkeme Binas\u0131<\/a>\r\n            <\/h6>\r\n        <\/div>\r\n        <div class=\"projects__text-bottom\">\r\n            <h2>06<\/h2>\r\n            <span><\/span>\r\n            <h6 class=\"rr-el-title\"><a\r\n                    href=\"https:\/\/www.canarch.com.tr\/en\/binegedi-rayon-court-building\/\">Binegedi B\u00f6lgesi Mahkeme Binas\u0131<\/a>\r\n            <\/h6>\r\n        <\/div>\r\n\r\n        <a class=\"projects__arrow\" href=\"https:\/\/www.canarch.com.tr\/en\/binegedi-rayon-court-building\/\">\r\n            <svg width=\"16\" height=\"16\" viewbox=\"0 0 16 16\" fill=\"none\" xmlns=\"http:\/\/www.w3.org\/2000\/svg\">\r\n                <path d=\"M1 8.00018H15\" stroke=\"#906E50\" stroke-width=\"1.5\" stroke-linecap=\"round\"\r\n                    stroke-linejoin=\"round\" \/>\r\n                <path d=\"M8 1.00018L15 8.00018L8 15.0002\" stroke=\"#906E50\" stroke-width=\"1.5\" stroke-linecap=\"round\"\r\n                    stroke-linejoin=\"round\" \/>\r\n            <\/svg>\r\n        <\/a>\r\n    <\/div>\r\n<\/div>\r\n\t\t\t\t<\/div>\n\t\t\t\t<\/div>\n\t\t\t\t<\/div>\n\t\t\t\t<\/div>\n\t\t\t\t\t<\/div>\n\t\t\t\t<\/div>\n\t\t<div class=\"elementor-element elementor-element-a06db3c e-flex e-con-boxed e-con e-parent\" data-id=\"a06db3c\" data-element_type=\"container\">\n\t\t\t\t\t<div class=\"e-con-inner\">\n\t\t<div class=\"elementor-element elementor-element-3d37a71 e-con-full e-flex e-con e-child\" data-id=\"3d37a71\" data-element_type=\"container\">\n\t\t<div class=\"elementor-element elementor-element-a7f2ec7 e-con-full e-flex e-con e-child\" data-id=\"a7f2ec7\" data-element_type=\"container\">\n\t\t\t\t<\/div>\n\t\t<div class=\"elementor-element elementor-element-1782caa e-con-full e-flex e-con e-child\" data-id=\"1782caa\" data-element_type=\"container\">\n\t\t\t\t<div class=\"elementor-element elementor-element-ba621f6 elementor-widget elementor-widget-rr-project-box\" data-id=\"ba621f6\" data-element_type=\"widget\" data-widget_type=\"rr-project-box.default\">\n\t\t\t\t<div class=\"elementor-widget-container\">\n\t\t\t\t\t\r\n\r\n<!--\ttestimonial style 2 -->\r\n<div class=\"projects__wrapper ele-section\">\r\n    <div class=\"projects__item\">\r\n        <div class=\"has--overlay\"><\/div>\r\n        <div class=\"has--overlay-2\"><\/div>\r\n        <div class=\"projects__media\">\r\n                        <img decoding=\"async\" src=\"https:\/\/www.canarch.com.tr\/wp-content\/uploads\/2024\/10\/su-deposu.jpg\" alt=\"\">\r\n                    <\/div>\r\n\r\n        <div class=\"projects__text-top\">\r\n            <h2 class=\"rr-el-title\">07<\/h2>\r\n            <span class=\"rr-el-desc\"><\/span>\r\n            <h6 class=\"rr-el-title\"><a\r\n                    href=\"https:\/\/www.canarch.com.tr\/en\/water-tanks-of-gazah-cement-factory\/\">Water Tanks of Gazah Cement Factory<\/a>\r\n            <\/h6>\r\n        <\/div>\r\n        <div class=\"projects__text-bottom\">\r\n            <h2>07<\/h2>\r\n            <span><\/span>\r\n            <h6 class=\"rr-el-title\"><a\r\n                    href=\"https:\/\/www.canarch.com.tr\/en\/water-tanks-of-gazah-cement-factory\/\">Water Tanks of Gazah Cement Factory<\/a>\r\n            <\/h6>\r\n        <\/div>\r\n\r\n        <a class=\"projects__arrow\" href=\"https:\/\/www.canarch.com.tr\/en\/water-tanks-of-gazah-cement-factory\/\">\r\n            <svg width=\"16\" height=\"16\" viewbox=\"0 0 16 16\" fill=\"none\" xmlns=\"http:\/\/www.w3.org\/2000\/svg\">\r\n                <path d=\"M1 8.00018H15\" stroke=\"#906E50\" stroke-width=\"1.5\" stroke-linecap=\"round\"\r\n                    stroke-linejoin=\"round\" \/>\r\n                <path d=\"M8 1.00018L15 8.00018L8 15.0002\" stroke=\"#906E50\" stroke-width=\"1.5\" stroke-linecap=\"round\"\r\n                    stroke-linejoin=\"round\" \/>\r\n            <\/svg>\r\n        <\/a>\r\n    <\/div>\r\n<\/div>\r\n\t\t\t\t<\/div>\n\t\t\t\t<\/div>\n\t\t\t\t<\/div>\n\t\t<div class=\"elementor-element elementor-element-51f1e7d e-con-full e-flex e-con e-child\" data-id=\"51f1e7d\" data-element_type=\"container\">\n\t\t\t\t<\/div>\n\t\t\t\t<\/div>\n\t\t\t\t\t<\/div>\n\t\t\t\t<\/div>\n\t\t\t\t<\/div>","protected":false},"excerpt":{"rendered":"<p>01 Grand Hayat Konut Projesi 01 Grand Hayat Konut Projesi 02 Zerife Aliyeva Ad\u0131na \u00c7ocuk Kre\u015fi 02 Zerife Aliyeva Ad\u0131na \u00c7ocuk Kre\u015fi 03 Panorama Bay\u0131l 03 Panorama Bay\u0131l 04 Hilton Otel 04 Hilton Otel 05 Bak\u00fc Nar Rezidans 05 Bak\u00fc Nar Rezidans 06 Binegedi B\u00f6lgesi Mahkeme Binas\u0131 06 Binegedi B\u00f6lgesi Mahkeme Binas\u0131 07 Gazah \u00c7imento [&hellip;]<\/p>","protected":false},"author":1,"featured_media":0,"parent":0,"menu_order":0,"comment_status":"closed","ping_status":"closed","template":"elementor_header_footer","meta":{"footnotes":""},"class_list":["post-1464","page","type-page","status-publish","hentry"],"_links":{"self":[{"href":"https:\/\/www.canarch.com.tr\/en\/wp-json\/wp\/v2\/pages\/1464","targetHints":{"allow":["GET"]}}],"collection":[{"href":"https:\/\/www.canarch.com.tr\/en\/wp-json\/wp\/v2\/pages"}],"about":[{"href":"https:\/\/www.canarch.com.tr\/en\/wp-json\/wp\/v2\/types\/page"}],"author":[{"embeddable":true,"href":"https:\/\/www.canarch.com.tr\/en\/wp-json\/wp\/v2\/users\/1"}],"replies":[{"embeddable":true,"href":"https:\/\/www.canarch.com.tr\/en\/wp-json\/wp\/v2\/comments?post=1464"}],"version-history":[{"count":42,"href":"https:\/\/www.canarch.com.tr\/en\/wp-json\/wp\/v2\/pages\/1464\/revisions"}],"predecessor-version":[{"id":3235,"href":"https:\/\/www.canarch.com.tr\/en\/wp-json\/wp\/v2\/pages\/1464\/revisions\/3235"}],"wp:attachment":[{"href":"https:\/\/www.canarch.com.tr\/en\/wp-json\/wp\/v2\/media?parent=1464"}],"curies":[{"name":"wp","href":"https:\/\/api.w.org\/{rel}","templated":true}]}}