{"id":2656,"date":"2025-02-22T10:11:00","date_gmt":"2025-02-22T07:11:00","guid":{"rendered":"https:\/\/canarch.com.tr\/?page_id=2656"},"modified":"2025-02-25T16:44:41","modified_gmt":"2025-02-25T13:44:41","slug":"binegedi-rayon-mahkeme-binasi","status":"publish","type":"page","link":"https:\/\/www.canarch.com.tr\/en\/binegedi-rayon-court-building\/","title":{"rendered":"Binegedi Rayon Court Building"},"content":{"rendered":"<div data-elementor-type=\"wp-page\" data-elementor-id=\"2656\" class=\"elementor elementor-2656\">\n\t\t\t\t<div class=\"elementor-element elementor-element-827171b e-flex e-con-boxed e-con e-parent\" data-id=\"827171b\" data-element_type=\"container\">\n\t\t\t\t\t<div class=\"e-con-inner\">\n\t\t<div class=\"elementor-element elementor-element-d66c64f e-con-full e-flex e-con e-child\" data-id=\"d66c64f\" data-element_type=\"container\" data-settings=\"{&quot;background_background&quot;:&quot;classic&quot;}\">\n\t\t<div class=\"elementor-element elementor-element-a1bbf44 e-con-full e-flex e-con e-child\" data-id=\"a1bbf44\" data-element_type=\"container\">\n\t\t\t\t<div class=\"elementor-element elementor-element-118cb12 elementor-widget elementor-widget-spacer\" data-id=\"118cb12\" data-element_type=\"widget\" data-widget_type=\"spacer.default\">\n\t\t\t\t<div class=\"elementor-widget-container\">\n\t\t\t\t\t\t\t<div class=\"elementor-spacer\">\n\t\t\t<div class=\"elementor-spacer-inner\"><\/div>\n\t\t<\/div>\n\t\t\t\t\t\t<\/div>\n\t\t\t\t<\/div>\n\t\t\t\t<\/div>\n\t\t<div class=\"elementor-element elementor-element-0ed8b20 e-con-full e-flex e-con e-child\" data-id=\"0ed8b20\" data-element_type=\"container\">\n\t\t<div class=\"elementor-element elementor-element-ad8564c e-con-full e-flex e-con e-child\" data-id=\"ad8564c\" data-element_type=\"container\" data-settings=\"{&quot;background_background&quot;:&quot;classic&quot;}\">\n\t\t<div class=\"elementor-element elementor-element-6768656 e-con-full e-flex e-con e-child\" data-id=\"6768656\" data-element_type=\"container\">\n\t\t\t\t<div class=\"elementor-element elementor-element-01c8ed7 elementor-icon-list--layout-traditional elementor-list-item-link-full_width elementor-widget elementor-widget-icon-list\" data-id=\"01c8ed7\" data-element_type=\"widget\" data-widget_type=\"icon-list.default\">\n\t\t\t\t<div class=\"elementor-widget-container\">\n\t\t\t\t\t\t\t<ul class=\"elementor-icon-list-items\">\n\t\t\t\t\t\t\t<li class=\"elementor-icon-list-item\">\n\t\t\t\t\t\t\t\t\t\t\t<span class=\"elementor-icon-list-icon\">\n\t\t\t\t\t\t\t<i aria-hidden=\"true\" class=\"RR flaticon-location\"><\/i>\t\t\t\t\t\t<\/span>\n\t\t\t\t\t\t\t\t\t\t<span class=\"elementor-icon-list-text\">Baku<\/span>\n\t\t\t\t\t\t\t\t\t<\/li>\n\t\t\t\t\t\t<\/ul>\n\t\t\t\t\t\t<\/div>\n\t\t\t\t<\/div>\n\t\t\t\t<\/div>\n\t\t<div class=\"elementor-element elementor-element-6d897e5 e-con-full e-flex e-con e-child\" data-id=\"6d897e5\" data-element_type=\"container\">\n\t\t\t\t<div class=\"elementor-element elementor-element-c8768eb elementor-widget elementor-widget-text-editor\" data-id=\"c8768eb\" data-element_type=\"widget\" data-widget_type=\"text-editor.default\">\n\t\t\t\t<div class=\"elementor-widget-container\">\n\t\t\t\t\t\t\t\t\t<p><strong><span style=\"color: #000000;\">POJECT: <\/span><\/strong><span style=\"color: #000000;\">\u00a0Court-house<\/span><\/p><p><span style=\"color: #000000;\"><strong>EMPLOYER: <\/strong>Akkord Group of Companies<\/span><\/p><p><strong><span style=\"color: #000000;\">CATEGORY: <\/span><\/strong><span style=\"color: #000000;\">Public Building<\/span><\/p>\t\t\t\t\t\t\t\t<\/div>\n\t\t\t\t<\/div>\n\t\t\t\t<\/div>\n\t\t\t\t<\/div>\n\t\t\t\t<\/div>\n\t\t\t\t<\/div>\n\t\t\t\t\t<\/div>\n\t\t\t\t<\/div>\n\t\t<div class=\"elementor-element elementor-element-1a71b78 e-flex e-con-boxed e-con e-parent\" data-id=\"1a71b78\" data-element_type=\"container\">\n\t\t\t\t\t<div class=\"e-con-inner\">\n\t\t\t\t<div class=\"elementor-element elementor-element-5d50115 elementor-widget elementor-widget-heading\" data-id=\"5d50115\" data-element_type=\"widget\" data-widget_type=\"heading.default\">\n\t\t\t\t<div class=\"elementor-widget-container\">\n\t\t\t\t\t<h2 class=\"elementor-heading-title elementor-size-default\">Project Details<\/h2>\t\t\t\t<\/div>\n\t\t\t\t<\/div>\n\t\t\t\t\t<\/div>\n\t\t\t\t<\/div>\n\t\t<div class=\"elementor-element elementor-element-8b3352e e-flex e-con-boxed e-con e-parent\" data-id=\"8b3352e\" data-element_type=\"container\">\n\t\t\t\t\t<div class=\"e-con-inner\">\n\t\t\t\t<div class=\"elementor-element elementor-element-8ba7f00 elementor-widget elementor-widget-text-editor\" data-id=\"8ba7f00\" data-element_type=\"widget\" data-widget_type=\"text-editor.default\">\n\t\t\t\t<div class=\"elementor-widget-container\">\n\t\t\t\t\t\t\t\t\t<p><strong data-start=\"0\" data-end=\"34\">Binegedi Rayon Court Building<\/strong>is located in Binegedi district of Baku, the capital of Azerbaijan. The new administrative building was built in accordance with modern standards, financed by the state budget. Its opening was held on 29 December 2018 with the participation of Azerbaijani President Ilham Aliyev.<\/p><p>All necessary arrangements have been made in the building to enable disabled individuals to move comfortably. More than 80 employees, including 19 judges and more than 60 court personnel, work in the building, which has a total of 12 courtrooms. <strong>The court serves a population of approximately 265,000 people.<\/strong><\/p>\t\t\t\t\t\t\t\t<\/div>\n\t\t\t\t<\/div>\n\t\t\t\t\t<\/div>\n\t\t\t\t<\/div>\n\t\t<div class=\"elementor-element elementor-element-60269d9 e-flex e-con-boxed e-con e-parent\" data-id=\"60269d9\" data-element_type=\"container\">\n\t\t\t\t\t<div class=\"e-con-inner\">\n\t\t<div class=\"elementor-element elementor-element-bf129f8 e-con-full e-flex e-con e-child\" data-id=\"bf129f8\" data-element_type=\"container\">\n\t\t\t\t<div class=\"elementor-element elementor-element-37c40b8 elementor-arrows-position-inside elementor-widget elementor-widget-image-carousel\" data-id=\"37c40b8\" data-element_type=\"widget\" data-settings=\"{&quot;image_spacing_custom&quot;:{&quot;unit&quot;:&quot;px&quot;,&quot;size&quot;:15,&quot;sizes&quot;:[]},&quot;navigation&quot;:&quot;arrows&quot;,&quot;autoplay&quot;:&quot;yes&quot;,&quot;pause_on_hover&quot;:&quot;yes&quot;,&quot;pause_on_interaction&quot;:&quot;yes&quot;,&quot;autoplay_speed&quot;:5000,&quot;infinite&quot;:&quot;yes&quot;,&quot;speed&quot;:500,&quot;image_spacing_custom_tablet&quot;:{&quot;unit&quot;:&quot;px&quot;,&quot;size&quot;:&quot;&quot;,&quot;sizes&quot;:[]},&quot;image_spacing_custom_mobile&quot;:{&quot;unit&quot;:&quot;px&quot;,&quot;size&quot;:&quot;&quot;,&quot;sizes&quot;:[]}}\" data-widget_type=\"image-carousel.default\">\n\t\t\t\t<div class=\"elementor-widget-container\">\n\t\t\t\t\t\t\t<div class=\"elementor-image-carousel-wrapper swiper\" role=\"region\" aria-roledescription=\"carousel\" aria-label=\"Resim D\u00f6ng\u00fcs\u00fc\" dir=\"ltr\">\n\t\t\t<div class=\"elementor-image-carousel swiper-wrapper\" aria-live=\"off\">\n\t\t\t\t\t\t\t\t<div class=\"swiper-slide\" role=\"group\" aria-roledescription=\"slide\" aria-label=\"1 \/ 15\"><a data-elementor-open-lightbox=\"yes\" data-elementor-lightbox-slideshow=\"37c40b8\" data-elementor-lightbox-title=\"mahkeme-binasi (1)\" data-e-action-hash=\"#elementor-action%3Aaction%3Dlightbox%26settings%3DeyJpZCI6MjY2MywidXJsIjoiaHR0cHM6XC9cL3d3dy5jYW5hcmNoLmNvbS50clwvd3AtY29udGVudFwvdXBsb2Fkc1wvMjAyNVwvMDJcL21haGtlbWUtYmluYXNpLTEtc2NhbGVkLmpwZyIsInNsaWRlc2hvdyI6IjM3YzQwYjgifQ%3D%3D\" href=\"https:\/\/www.canarch.com.tr\/wp-content\/uploads\/2025\/02\/mahkeme-binasi-1-scaled.jpg\"><figure class=\"swiper-slide-inner\"><img decoding=\"async\" class=\"swiper-slide-image\" src=\"https:\/\/www.canarch.com.tr\/wp-content\/uploads\/2025\/02\/mahkeme-binasi-1-scaled.jpg\" alt=\"mahkeme-binasi (1)\" \/><\/figure><\/a><\/div><div class=\"swiper-slide\" role=\"group\" aria-roledescription=\"slide\" aria-label=\"2 \/ 15\"><a data-elementor-open-lightbox=\"yes\" data-elementor-lightbox-slideshow=\"37c40b8\" data-elementor-lightbox-title=\"mahkeme-binasi (2)\" data-e-action-hash=\"#elementor-action%3Aaction%3Dlightbox%26settings%3DeyJpZCI6MjY2NCwidXJsIjoiaHR0cHM6XC9cL3d3dy5jYW5hcmNoLmNvbS50clwvd3AtY29udGVudFwvdXBsb2Fkc1wvMjAyNVwvMDJcL21haGtlbWUtYmluYXNpLTItc2NhbGVkLmpwZyIsInNsaWRlc2hvdyI6IjM3YzQwYjgifQ%3D%3D\" href=\"https:\/\/www.canarch.com.tr\/wp-content\/uploads\/2025\/02\/mahkeme-binasi-2-scaled.jpg\"><figure class=\"swiper-slide-inner\"><img decoding=\"async\" class=\"swiper-slide-image\" src=\"https:\/\/www.canarch.com.tr\/wp-content\/uploads\/2025\/02\/mahkeme-binasi-2-scaled.jpg\" alt=\"mahkeme-binasi (2)\" \/><\/figure><\/a><\/div><div class=\"swiper-slide\" role=\"group\" aria-roledescription=\"slide\" aria-label=\"3 \/ 15\"><a data-elementor-open-lightbox=\"yes\" data-elementor-lightbox-slideshow=\"37c40b8\" data-elementor-lightbox-title=\"mahkeme-binasi (3)\" data-e-action-hash=\"#elementor-action%3Aaction%3Dlightbox%26settings%3DeyJpZCI6MjY2NSwidXJsIjoiaHR0cHM6XC9cL3d3dy5jYW5hcmNoLmNvbS50clwvd3AtY29udGVudFwvdXBsb2Fkc1wvMjAyNVwvMDJcL21haGtlbWUtYmluYXNpLTMtc2NhbGVkLmpwZyIsInNsaWRlc2hvdyI6IjM3YzQwYjgifQ%3D%3D\" href=\"https:\/\/www.canarch.com.tr\/wp-content\/uploads\/2025\/02\/mahkeme-binasi-3-scaled.jpg\"><figure class=\"swiper-slide-inner\"><img decoding=\"async\" class=\"swiper-slide-image\" src=\"https:\/\/www.canarch.com.tr\/wp-content\/uploads\/2025\/02\/mahkeme-binasi-3-scaled.jpg\" alt=\"mahkeme-binasi (3)\" \/><\/figure><\/a><\/div><div class=\"swiper-slide\" role=\"group\" aria-roledescription=\"slide\" aria-label=\"4 \/ 15\"><a data-elementor-open-lightbox=\"yes\" data-elementor-lightbox-slideshow=\"37c40b8\" data-elementor-lightbox-title=\"mahkeme-binasi (4)\" data-e-action-hash=\"#elementor-action%3Aaction%3Dlightbox%26settings%3DeyJpZCI6MjY2NiwidXJsIjoiaHR0cHM6XC9cL3d3dy5jYW5hcmNoLmNvbS50clwvd3AtY29udGVudFwvdXBsb2Fkc1wvMjAyNVwvMDJcL21haGtlbWUtYmluYXNpLTQtc2NhbGVkLmpwZyIsInNsaWRlc2hvdyI6IjM3YzQwYjgifQ%3D%3D\" href=\"https:\/\/www.canarch.com.tr\/wp-content\/uploads\/2025\/02\/mahkeme-binasi-4-scaled.jpg\"><figure class=\"swiper-slide-inner\"><img decoding=\"async\" class=\"swiper-slide-image\" src=\"https:\/\/www.canarch.com.tr\/wp-content\/uploads\/2025\/02\/mahkeme-binasi-4-scaled.jpg\" alt=\"mahkeme-binasi (4)\" \/><\/figure><\/a><\/div><div class=\"swiper-slide\" role=\"group\" aria-roledescription=\"slide\" aria-label=\"5 \/ 15\"><a data-elementor-open-lightbox=\"yes\" data-elementor-lightbox-slideshow=\"37c40b8\" data-elementor-lightbox-title=\"mahkeme-binasi (5)\" data-e-action-hash=\"#elementor-action%3Aaction%3Dlightbox%26settings%3DeyJpZCI6MjY2NywidXJsIjoiaHR0cHM6XC9cL3d3dy5jYW5hcmNoLmNvbS50clwvd3AtY29udGVudFwvdXBsb2Fkc1wvMjAyNVwvMDJcL21haGtlbWUtYmluYXNpLTUtc2NhbGVkLmpwZyIsInNsaWRlc2hvdyI6IjM3YzQwYjgifQ%3D%3D\" href=\"https:\/\/www.canarch.com.tr\/wp-content\/uploads\/2025\/02\/mahkeme-binasi-5-scaled.jpg\"><figure class=\"swiper-slide-inner\"><img decoding=\"async\" class=\"swiper-slide-image\" src=\"https:\/\/www.canarch.com.tr\/wp-content\/uploads\/2025\/02\/mahkeme-binasi-5-scaled.jpg\" alt=\"mahkeme-binasi (5)\" \/><\/figure><\/a><\/div><div class=\"swiper-slide\" role=\"group\" aria-roledescription=\"slide\" aria-label=\"6 \/ 15\"><a data-elementor-open-lightbox=\"yes\" data-elementor-lightbox-slideshow=\"37c40b8\" data-elementor-lightbox-title=\"mahkeme-binasi (6)\" data-e-action-hash=\"#elementor-action%3Aaction%3Dlightbox%26settings%3DeyJpZCI6MjY2OCwidXJsIjoiaHR0cHM6XC9cL3d3dy5jYW5hcmNoLmNvbS50clwvd3AtY29udGVudFwvdXBsb2Fkc1wvMjAyNVwvMDJcL21haGtlbWUtYmluYXNpLTYtc2NhbGVkLmpwZyIsInNsaWRlc2hvdyI6IjM3YzQwYjgifQ%3D%3D\" href=\"https:\/\/www.canarch.com.tr\/wp-content\/uploads\/2025\/02\/mahkeme-binasi-6-scaled.jpg\"><figure class=\"swiper-slide-inner\"><img decoding=\"async\" class=\"swiper-slide-image\" src=\"https:\/\/www.canarch.com.tr\/wp-content\/uploads\/2025\/02\/mahkeme-binasi-6-scaled.jpg\" alt=\"mahkeme-binasi (6)\" \/><\/figure><\/a><\/div><div class=\"swiper-slide\" role=\"group\" aria-roledescription=\"slide\" aria-label=\"7 \/ 15\"><a data-elementor-open-lightbox=\"yes\" data-elementor-lightbox-slideshow=\"37c40b8\" data-elementor-lightbox-title=\"mahkeme-binasi (7)\" data-e-action-hash=\"#elementor-action%3Aaction%3Dlightbox%26settings%3DeyJpZCI6MjY2OSwidXJsIjoiaHR0cHM6XC9cL3d3dy5jYW5hcmNoLmNvbS50clwvd3AtY29udGVudFwvdXBsb2Fkc1wvMjAyNVwvMDJcL21haGtlbWUtYmluYXNpLTctc2NhbGVkLmpwZyIsInNsaWRlc2hvdyI6IjM3YzQwYjgifQ%3D%3D\" href=\"https:\/\/www.canarch.com.tr\/wp-content\/uploads\/2025\/02\/mahkeme-binasi-7-scaled.jpg\"><figure class=\"swiper-slide-inner\"><img decoding=\"async\" class=\"swiper-slide-image\" src=\"https:\/\/www.canarch.com.tr\/wp-content\/uploads\/2025\/02\/mahkeme-binasi-7-scaled.jpg\" alt=\"mahkeme-binasi (7)\" \/><\/figure><\/a><\/div><div class=\"swiper-slide\" role=\"group\" aria-roledescription=\"slide\" aria-label=\"8 \/ 15\"><a data-elementor-open-lightbox=\"yes\" data-elementor-lightbox-slideshow=\"37c40b8\" data-elementor-lightbox-title=\"mahkeme-binasi (8)\" data-e-action-hash=\"#elementor-action%3Aaction%3Dlightbox%26settings%3DeyJpZCI6MjY3MSwidXJsIjoiaHR0cHM6XC9cL3d3dy5jYW5hcmNoLmNvbS50clwvd3AtY29udGVudFwvdXBsb2Fkc1wvMjAyNVwvMDJcL21haGtlbWUtYmluYXNpLTgtc2NhbGVkLmpwZyIsInNsaWRlc2hvdyI6IjM3YzQwYjgifQ%3D%3D\" href=\"https:\/\/www.canarch.com.tr\/wp-content\/uploads\/2025\/02\/mahkeme-binasi-8-scaled.jpg\"><figure class=\"swiper-slide-inner\"><img decoding=\"async\" class=\"swiper-slide-image\" src=\"https:\/\/www.canarch.com.tr\/wp-content\/uploads\/2025\/02\/mahkeme-binasi-8-scaled.jpg\" alt=\"mahkeme-binasi (8)\" \/><\/figure><\/a><\/div><div class=\"swiper-slide\" role=\"group\" aria-roledescription=\"slide\" aria-label=\"9 \/ 15\"><a data-elementor-open-lightbox=\"yes\" data-elementor-lightbox-slideshow=\"37c40b8\" data-elementor-lightbox-title=\"mahkeme-binasi (9)\" data-e-action-hash=\"#elementor-action%3Aaction%3Dlightbox%26settings%3DeyJpZCI6MjY3MiwidXJsIjoiaHR0cHM6XC9cL3d3dy5jYW5hcmNoLmNvbS50clwvd3AtY29udGVudFwvdXBsb2Fkc1wvMjAyNVwvMDJcL21haGtlbWUtYmluYXNpLTktc2NhbGVkLmpwZyIsInNsaWRlc2hvdyI6IjM3YzQwYjgifQ%3D%3D\" href=\"https:\/\/www.canarch.com.tr\/wp-content\/uploads\/2025\/02\/mahkeme-binasi-9-scaled.jpg\"><figure class=\"swiper-slide-inner\"><img decoding=\"async\" class=\"swiper-slide-image\" src=\"https:\/\/www.canarch.com.tr\/wp-content\/uploads\/2025\/02\/mahkeme-binasi-9-scaled.jpg\" alt=\"mahkeme-binasi (9)\" \/><\/figure><\/a><\/div><div class=\"swiper-slide\" role=\"group\" aria-roledescription=\"slide\" aria-label=\"10 \/ 15\"><a data-elementor-open-lightbox=\"yes\" data-elementor-lightbox-slideshow=\"37c40b8\" data-elementor-lightbox-title=\"mahkeme-binasi (10)\" data-e-action-hash=\"#elementor-action%3Aaction%3Dlightbox%26settings%3DeyJpZCI6MjY3MywidXJsIjoiaHR0cHM6XC9cL3d3dy5jYW5hcmNoLmNvbS50clwvd3AtY29udGVudFwvdXBsb2Fkc1wvMjAyNVwvMDJcL21haGtlbWUtYmluYXNpLTEwLXNjYWxlZC5qcGciLCJzbGlkZXNob3ciOiIzN2M0MGI4In0%3D\" href=\"https:\/\/www.canarch.com.tr\/wp-content\/uploads\/2025\/02\/mahkeme-binasi-10-scaled.jpg\"><figure class=\"swiper-slide-inner\"><img decoding=\"async\" class=\"swiper-slide-image\" src=\"https:\/\/www.canarch.com.tr\/wp-content\/uploads\/2025\/02\/mahkeme-binasi-10-scaled.jpg\" alt=\"mahkeme-binasi (10)\" \/><\/figure><\/a><\/div><div class=\"swiper-slide\" role=\"group\" aria-roledescription=\"slide\" aria-label=\"11 \/ 15\"><a data-elementor-open-lightbox=\"yes\" data-elementor-lightbox-slideshow=\"37c40b8\" data-elementor-lightbox-title=\"mahkeme-binasi (11)\" data-e-action-hash=\"#elementor-action%3Aaction%3Dlightbox%26settings%3DeyJpZCI6MjY3NCwidXJsIjoiaHR0cHM6XC9cL3d3dy5jYW5hcmNoLmNvbS50clwvd3AtY29udGVudFwvdXBsb2Fkc1wvMjAyNVwvMDJcL21haGtlbWUtYmluYXNpLTExLXNjYWxlZC5qcGciLCJzbGlkZXNob3ciOiIzN2M0MGI4In0%3D\" href=\"https:\/\/www.canarch.com.tr\/wp-content\/uploads\/2025\/02\/mahkeme-binasi-11-scaled.jpg\"><figure class=\"swiper-slide-inner\"><img decoding=\"async\" class=\"swiper-slide-image\" src=\"https:\/\/www.canarch.com.tr\/wp-content\/uploads\/2025\/02\/mahkeme-binasi-11-scaled.jpg\" alt=\"mahkeme-binasi (11)\" \/><\/figure><\/a><\/div><div class=\"swiper-slide\" role=\"group\" aria-roledescription=\"slide\" aria-label=\"12 \/ 15\"><a data-elementor-open-lightbox=\"yes\" data-elementor-lightbox-slideshow=\"37c40b8\" data-elementor-lightbox-title=\"mahkeme-binasi (12)\" data-e-action-hash=\"#elementor-action%3Aaction%3Dlightbox%26settings%3DeyJpZCI6MjY3NSwidXJsIjoiaHR0cHM6XC9cL3d3dy5jYW5hcmNoLmNvbS50clwvd3AtY29udGVudFwvdXBsb2Fkc1wvMjAyNVwvMDJcL21haGtlbWUtYmluYXNpLTEyLXNjYWxlZC5qcGciLCJzbGlkZXNob3ciOiIzN2M0MGI4In0%3D\" href=\"https:\/\/www.canarch.com.tr\/wp-content\/uploads\/2025\/02\/mahkeme-binasi-12-scaled.jpg\"><figure class=\"swiper-slide-inner\"><img decoding=\"async\" class=\"swiper-slide-image\" src=\"https:\/\/www.canarch.com.tr\/wp-content\/uploads\/2025\/02\/mahkeme-binasi-12-scaled.jpg\" alt=\"mahkeme-binasi (12)\" \/><\/figure><\/a><\/div><div class=\"swiper-slide\" role=\"group\" aria-roledescription=\"slide\" aria-label=\"13 \/ 15\"><a data-elementor-open-lightbox=\"yes\" data-elementor-lightbox-slideshow=\"37c40b8\" data-elementor-lightbox-title=\"mahkeme-binasi (13)\" data-e-action-hash=\"#elementor-action%3Aaction%3Dlightbox%26settings%3DeyJpZCI6MjY3NiwidXJsIjoiaHR0cHM6XC9cL3d3dy5jYW5hcmNoLmNvbS50clwvd3AtY29udGVudFwvdXBsb2Fkc1wvMjAyNVwvMDJcL21haGtlbWUtYmluYXNpLTEzLXNjYWxlZC5qcGciLCJzbGlkZXNob3ciOiIzN2M0MGI4In0%3D\" href=\"https:\/\/www.canarch.com.tr\/wp-content\/uploads\/2025\/02\/mahkeme-binasi-13-scaled.jpg\"><figure class=\"swiper-slide-inner\"><img decoding=\"async\" class=\"swiper-slide-image\" src=\"https:\/\/www.canarch.com.tr\/wp-content\/uploads\/2025\/02\/mahkeme-binasi-13-scaled.jpg\" alt=\"mahkeme-binasi (13)\" \/><\/figure><\/a><\/div><div class=\"swiper-slide\" role=\"group\" aria-roledescription=\"slide\" aria-label=\"14 \/ 15\"><a data-elementor-open-lightbox=\"yes\" data-elementor-lightbox-slideshow=\"37c40b8\" data-elementor-lightbox-title=\"mahkeme-binasi (14)\" data-e-action-hash=\"#elementor-action%3Aaction%3Dlightbox%26settings%3DeyJpZCI6MjY3NywidXJsIjoiaHR0cHM6XC9cL3d3dy5jYW5hcmNoLmNvbS50clwvd3AtY29udGVudFwvdXBsb2Fkc1wvMjAyNVwvMDJcL21haGtlbWUtYmluYXNpLTE0LXNjYWxlZC5qcGciLCJzbGlkZXNob3ciOiIzN2M0MGI4In0%3D\" href=\"https:\/\/www.canarch.com.tr\/wp-content\/uploads\/2025\/02\/mahkeme-binasi-14-scaled.jpg\"><figure class=\"swiper-slide-inner\"><img decoding=\"async\" class=\"swiper-slide-image\" src=\"https:\/\/www.canarch.com.tr\/wp-content\/uploads\/2025\/02\/mahkeme-binasi-14-scaled.jpg\" alt=\"mahkeme-binasi (14)\" \/><\/figure><\/a><\/div><div class=\"swiper-slide\" role=\"group\" aria-roledescription=\"slide\" aria-label=\"15 \/ 15\"><a data-elementor-open-lightbox=\"yes\" data-elementor-lightbox-slideshow=\"37c40b8\" data-elementor-lightbox-title=\"mahkeme-binasi (15)\" data-e-action-hash=\"#elementor-action%3Aaction%3Dlightbox%26settings%3DeyJpZCI6MjY3OCwidXJsIjoiaHR0cHM6XC9cL3d3dy5jYW5hcmNoLmNvbS50clwvd3AtY29udGVudFwvdXBsb2Fkc1wvMjAyNVwvMDJcL21haGtlbWUtYmluYXNpLTE1LXNjYWxlZC5qcGciLCJzbGlkZXNob3ciOiIzN2M0MGI4In0%3D\" href=\"https:\/\/www.canarch.com.tr\/wp-content\/uploads\/2025\/02\/mahkeme-binasi-15-scaled.jpg\"><figure class=\"swiper-slide-inner\"><img decoding=\"async\" class=\"swiper-slide-image\" src=\"https:\/\/www.canarch.com.tr\/wp-content\/uploads\/2025\/02\/mahkeme-binasi-15-scaled.jpg\" alt=\"mahkeme-binasi (15)\" \/><\/figure><\/a><\/div>\t\t\t<\/div>\n\t\t\t\t\t\t\t\t\t\t\t\t<div class=\"elementor-swiper-button elementor-swiper-button-prev\" role=\"button\" tabindex=\"0\">\n\t\t\t\t\t\t<svg aria-hidden=\"true\" class=\"e-font-icon-svg e-eicon-chevron-left\" viewbox=\"0 0 1000 1000\" xmlns=\"http:\/\/www.w3.org\/2000\/svg\"><path d=\"M646 125C629 125 613 133 604 142L308 442C296 454 292 471 292 487 292 504 296 521 308 533L604 854C617 867 629 875 646 875 663 875 679 871 692 858 704 846 713 829 713 812 713 796 708 779 692 767L438 487 692 225C700 217 708 204 708 187 708 171 704 154 692 142 675 129 663 125 646 125Z\"><\/path><\/svg>\t\t\t\t\t<\/div>\n\t\t\t\t\t<div class=\"elementor-swiper-button elementor-swiper-button-next\" role=\"button\" tabindex=\"0\">\n\t\t\t\t\t\t<svg aria-hidden=\"true\" class=\"e-font-icon-svg e-eicon-chevron-right\" viewbox=\"0 0 1000 1000\" xmlns=\"http:\/\/www.w3.org\/2000\/svg\"><path d=\"M696 533C708 521 713 504 713 487 713 471 708 454 696 446L400 146C388 133 375 125 354 125 338 125 325 129 313 142 300 154 292 171 292 187 292 204 296 221 308 233L563 492 304 771C292 783 288 800 288 817 288 833 296 850 308 863 321 871 338 875 354 875 371 875 388 867 400 854L696 533Z\"><\/path><\/svg>\t\t\t\t\t<\/div>\n\t\t\t\t\n\t\t\t\t\t\t\t\t\t<\/div>\n\t\t\t\t\t\t<\/div>\n\t\t\t\t<\/div>\n\t\t\t\t<\/div>\n\t\t\t\t\t<\/div>\n\t\t\t\t<\/div>\n\t\t\t\t<\/div>","protected":false},"excerpt":{"rendered":"<p>Bak\u00fc POJE: \u00a0Mahkeme Binas\u0131 \u0130\u015e VEREN: Akkord \u015eirketler Grubu KATEGOR\u0130: Kamu Binas\u0131 Proje Detaylar\u0131 Binegedi\u00a0Rayonu Mahkeme Binas\u0131, Azerbaycan&#8217;\u0131n ba\u015fkenti Bak\u00fc&#8217;de, Binegedi\u00a0il\u00e7esinde yer almaktad\u0131r. Yeni idari bina, devlet b\u00fct\u00e7esiyle finanse edilerek modern standartlara uygun \u015fekilde in\u015fa edilmi\u015ftir. A\u00e7\u0131l\u0131\u015f\u0131 29 Aral\u0131k 2018 tarihinde Azerbaycan Cumhurba\u015fkan\u0131 \u0130lham Aliyev&#8217;in kat\u0131l\u0131m\u0131yla ger\u00e7ekle\u015ftirilmi\u015ftir. Binada, engelli bireylerin rahat hareket edebilmeleri i\u00e7in gerekli [&hellip;]<\/p>","protected":false},"author":1,"featured_media":0,"parent":0,"menu_order":0,"comment_status":"closed","ping_status":"closed","template":"elementor_header_footer","meta":{"footnotes":""},"class_list":["post-2656","page","type-page","status-publish","hentry"],"_links":{"self":[{"href":"https:\/\/www.canarch.com.tr\/en\/wp-json\/wp\/v2\/pages\/2656","targetHints":{"allow":["GET"]}}],"collection":[{"href":"https:\/\/www.canarch.com.tr\/en\/wp-json\/wp\/v2\/pages"}],"about":[{"href":"https:\/\/www.canarch.com.tr\/en\/wp-json\/wp\/v2\/types\/page"}],"author":[{"embeddable":true,"href":"https:\/\/www.canarch.com.tr\/en\/wp-json\/wp\/v2\/users\/1"}],"replies":[{"embeddable":true,"href":"https:\/\/www.canarch.com.tr\/en\/wp-json\/wp\/v2\/comments?post=2656"}],"version-history":[{"count":19,"href":"https:\/\/www.canarch.com.tr\/en\/wp-json\/wp\/v2\/pages\/2656\/revisions"}],"predecessor-version":[{"id":3056,"href":"https:\/\/www.canarch.com.tr\/en\/wp-json\/wp\/v2\/pages\/2656\/revisions\/3056"}],"wp:attachment":[{"href":"https:\/\/www.canarch.com.tr\/en\/wp-json\/wp\/v2\/media?parent=2656"}],"curies":[{"name":"wp","href":"https:\/\/api.w.org\/{rel}","templated":true}]}}