{"id":2700,"date":"2025-02-22T11:10:59","date_gmt":"2025-02-22T08:10:59","guid":{"rendered":"https:\/\/canarch.com.tr\/?page_id=2700"},"modified":"2025-02-25T16:33:33","modified_gmt":"2025-02-25T13:33:33","slug":"baku-nar-rezidans","status":"publish","type":"page","link":"https:\/\/www.canarch.com.tr\/en\/baku-nar-residence\/","title":{"rendered":"Baku Nar Residence"},"content":{"rendered":"<div data-elementor-type=\"wp-page\" data-elementor-id=\"2700\" class=\"elementor elementor-2700\">\n\t\t\t\t<div class=\"elementor-element elementor-element-827171b e-flex e-con-boxed e-con e-parent\" data-id=\"827171b\" data-element_type=\"container\">\n\t\t\t\t\t<div class=\"e-con-inner\">\n\t\t<div class=\"elementor-element elementor-element-d66c64f e-con-full e-flex e-con e-child\" data-id=\"d66c64f\" data-element_type=\"container\" data-settings=\"{&quot;background_background&quot;:&quot;classic&quot;}\">\n\t\t<div class=\"elementor-element elementor-element-a1bbf44 e-con-full e-flex e-con e-child\" data-id=\"a1bbf44\" data-element_type=\"container\">\n\t\t\t\t<div class=\"elementor-element elementor-element-118cb12 elementor-widget elementor-widget-spacer\" data-id=\"118cb12\" data-element_type=\"widget\" data-widget_type=\"spacer.default\">\n\t\t\t\t<div class=\"elementor-widget-container\">\n\t\t\t\t\t\t\t<div class=\"elementor-spacer\">\n\t\t\t<div class=\"elementor-spacer-inner\"><\/div>\n\t\t<\/div>\n\t\t\t\t\t\t<\/div>\n\t\t\t\t<\/div>\n\t\t\t\t<\/div>\n\t\t<div class=\"elementor-element elementor-element-0ed8b20 e-con-full e-flex e-con e-child\" data-id=\"0ed8b20\" data-element_type=\"container\">\n\t\t<div class=\"elementor-element elementor-element-ad8564c e-con-full e-flex e-con e-child\" data-id=\"ad8564c\" data-element_type=\"container\" data-settings=\"{&quot;background_background&quot;:&quot;classic&quot;}\">\n\t\t<div class=\"elementor-element elementor-element-6768656 e-con-full e-flex e-con e-child\" data-id=\"6768656\" data-element_type=\"container\">\n\t\t\t\t<div class=\"elementor-element elementor-element-01c8ed7 elementor-icon-list--layout-traditional elementor-list-item-link-full_width elementor-widget elementor-widget-icon-list\" data-id=\"01c8ed7\" data-element_type=\"widget\" data-widget_type=\"icon-list.default\">\n\t\t\t\t<div class=\"elementor-widget-container\">\n\t\t\t\t\t\t\t<ul class=\"elementor-icon-list-items\">\n\t\t\t\t\t\t\t<li class=\"elementor-icon-list-item\">\n\t\t\t\t\t\t\t\t\t\t\t<span class=\"elementor-icon-list-icon\">\n\t\t\t\t\t\t\t<i aria-hidden=\"true\" class=\"RR flaticon-location\"><\/i>\t\t\t\t\t\t<\/span>\n\t\t\t\t\t\t\t\t\t\t<span class=\"elementor-icon-list-text\">Baku<\/span>\n\t\t\t\t\t\t\t\t\t<\/li>\n\t\t\t\t\t\t<\/ul>\n\t\t\t\t\t\t<\/div>\n\t\t\t\t<\/div>\n\t\t\t\t<\/div>\n\t\t<div class=\"elementor-element elementor-element-6d897e5 e-con-full e-flex e-con e-child\" data-id=\"6d897e5\" data-element_type=\"container\">\n\t\t\t\t<div class=\"elementor-element elementor-element-c8768eb elementor-widget elementor-widget-text-editor\" data-id=\"c8768eb\" data-element_type=\"widget\" data-widget_type=\"text-editor.default\">\n\t\t\t\t<div class=\"elementor-widget-container\">\n\t\t\t\t\t\t\t\t\t<p><strong><span style=\"color: #000000;\">POJECT: <\/span><\/strong><span style=\"color: #000000;\">Baku Nar Residence<\/span><\/p><p><span style=\"color: #000000;\"><strong>EMPLOYER: <\/strong>Mahal Construction<\/span><\/p><p><strong><span style=\"color: #000000;\">CATEGORY: <\/span><\/strong><span style=\"color: #000000;\">Housing<\/span><\/p>\t\t\t\t\t\t\t\t<\/div>\n\t\t\t\t<\/div>\n\t\t\t\t<\/div>\n\t\t\t\t<\/div>\n\t\t\t\t<\/div>\n\t\t\t\t<\/div>\n\t\t\t\t\t<\/div>\n\t\t\t\t<\/div>\n\t\t<div class=\"elementor-element elementor-element-1a71b78 e-flex e-con-boxed e-con e-parent\" data-id=\"1a71b78\" data-element_type=\"container\">\n\t\t\t\t\t<div class=\"e-con-inner\">\n\t\t\t\t<div class=\"elementor-element elementor-element-5d50115 elementor-widget elementor-widget-heading\" data-id=\"5d50115\" data-element_type=\"widget\" data-widget_type=\"heading.default\">\n\t\t\t\t<div class=\"elementor-widget-container\">\n\t\t\t\t\t<h2 class=\"elementor-heading-title elementor-size-default\">Project Details<\/h2>\t\t\t\t<\/div>\n\t\t\t\t<\/div>\n\t\t\t\t\t<\/div>\n\t\t\t\t<\/div>\n\t\t<div class=\"elementor-element elementor-element-8b3352e e-flex e-con-boxed e-con e-parent\" data-id=\"8b3352e\" data-element_type=\"container\">\n\t\t\t\t\t<div class=\"e-con-inner\">\n\t\t\t\t<div class=\"elementor-element elementor-element-8ba7f00 elementor-widget elementor-widget-text-editor\" data-id=\"8ba7f00\" data-element_type=\"widget\" data-widget_type=\"text-editor.default\">\n\t\t\t\t<div class=\"elementor-widget-container\">\n\t\t\t\t\t\t\t\t\t<p>The structural system of the building is designed as a linear frame frame with attached diaphragm. The foundation is in the form of a monolithic reinforced concrete slab and the floors between floors are also made of monolithic reinforced concrete. Earthquake resistance level is 8 magnitude.<\/p><p>The complex is located close to the city center and there are many parks and green areas around it. Additionally, there are four metro stations within a radius of 1.5-2 km, offering residents easy transportation.<\/p><p>There are different flat types from 1+1 to 4+1. All apartments have central heating and hot water system.<\/p>\t\t\t\t\t\t\t\t<\/div>\n\t\t\t\t<\/div>\n\t\t\t\t\t<\/div>\n\t\t\t\t<\/div>\n\t\t<div class=\"elementor-element elementor-element-60269d9 e-flex e-con-boxed e-con e-parent\" data-id=\"60269d9\" data-element_type=\"container\">\n\t\t\t\t\t<div class=\"e-con-inner\">\n\t\t<div class=\"elementor-element elementor-element-bf129f8 e-con-full e-flex e-con e-child\" data-id=\"bf129f8\" data-element_type=\"container\">\n\t\t\t\t<div class=\"elementor-element elementor-element-37c40b8 elementor-arrows-position-inside elementor-widget elementor-widget-image-carousel\" data-id=\"37c40b8\" data-element_type=\"widget\" data-settings=\"{&quot;image_spacing_custom&quot;:{&quot;unit&quot;:&quot;px&quot;,&quot;size&quot;:15,&quot;sizes&quot;:[]},&quot;navigation&quot;:&quot;arrows&quot;,&quot;autoplay&quot;:&quot;yes&quot;,&quot;pause_on_hover&quot;:&quot;yes&quot;,&quot;pause_on_interaction&quot;:&quot;yes&quot;,&quot;autoplay_speed&quot;:5000,&quot;infinite&quot;:&quot;yes&quot;,&quot;speed&quot;:500,&quot;image_spacing_custom_tablet&quot;:{&quot;unit&quot;:&quot;px&quot;,&quot;size&quot;:&quot;&quot;,&quot;sizes&quot;:[]},&quot;image_spacing_custom_mobile&quot;:{&quot;unit&quot;:&quot;px&quot;,&quot;size&quot;:&quot;&quot;,&quot;sizes&quot;:[]}}\" data-widget_type=\"image-carousel.default\">\n\t\t\t\t<div class=\"elementor-widget-container\">\n\t\t\t\t\t\t\t<div class=\"elementor-image-carousel-wrapper swiper\" role=\"region\" aria-roledescription=\"carousel\" aria-label=\"Resim D\u00f6ng\u00fcs\u00fc\" dir=\"ltr\">\n\t\t\t<div class=\"elementor-image-carousel swiper-wrapper\" aria-live=\"off\">\n\t\t\t\t\t\t\t\t<div class=\"swiper-slide\" role=\"group\" aria-roledescription=\"slide\" aria-label=\"1 of 19\" data-no-translation-aria-label=\"\"><a data-elementor-open-lightbox=\"yes\" data-elementor-lightbox-slideshow=\"37c40b8\" data-elementor-lightbox-title=\"baku-nar-rezidans (1)\" data-e-action-hash=\"#elementor-action%3Aaction%3Dlightbox%26settings%3DeyJpZCI6MjcwNiwidXJsIjoiaHR0cHM6XC9cL3d3dy5jYW5hcmNoLmNvbS50clwvd3AtY29udGVudFwvdXBsb2Fkc1wvMjAyNVwvMDJcL2Jha3UtbmFyLXJlemlkYW5zLTEuanBnIiwic2xpZGVzaG93IjoiMzdjNDBiOCJ9\" href=\"https:\/\/www.canarch.com.tr\/wp-content\/uploads\/2025\/02\/baku-nar-rezidans-1.jpg\"><figure class=\"swiper-slide-inner\"><img decoding=\"async\" class=\"swiper-slide-image\" src=\"https:\/\/www.canarch.com.tr\/wp-content\/uploads\/2025\/02\/baku-nar-rezidans-1.jpg\" alt=\"baku-nar-rezidans (1)\" \/><\/figure><\/a><\/div><div class=\"swiper-slide\" role=\"group\" aria-roledescription=\"slide\" aria-label=\"2 of 19\" data-no-translation-aria-label=\"\"><a data-elementor-open-lightbox=\"yes\" data-elementor-lightbox-slideshow=\"37c40b8\" data-elementor-lightbox-title=\"baku-nar-rezidans (18)\" data-e-action-hash=\"#elementor-action%3Aaction%3Dlightbox%26settings%3DeyJpZCI6MjcyMywidXJsIjoiaHR0cHM6XC9cL3d3dy5jYW5hcmNoLmNvbS50clwvd3AtY29udGVudFwvdXBsb2Fkc1wvMjAyNVwvMDJcL2Jha3UtbmFyLXJlemlkYW5zLTE4LmpwZWciLCJzbGlkZXNob3ciOiIzN2M0MGI4In0%3D\" href=\"https:\/\/www.canarch.com.tr\/wp-content\/uploads\/2025\/02\/baku-nar-rezidans-18.jpeg\"><figure class=\"swiper-slide-inner\"><img decoding=\"async\" class=\"swiper-slide-image\" src=\"https:\/\/www.canarch.com.tr\/wp-content\/uploads\/2025\/02\/baku-nar-rezidans-18.jpeg\" alt=\"baku-nar-rezidans (18)\" \/><\/figure><\/a><\/div><div class=\"swiper-slide\" role=\"group\" aria-roledescription=\"slide\" aria-label=\"3 of 19\" data-no-translation-aria-label=\"\"><a data-elementor-open-lightbox=\"yes\" data-elementor-lightbox-slideshow=\"37c40b8\" data-elementor-lightbox-title=\"baku-nar-rezidans (17)\" data-e-action-hash=\"#elementor-action%3Aaction%3Dlightbox%26settings%3DeyJpZCI6MjcyMiwidXJsIjoiaHR0cHM6XC9cL3d3dy5jYW5hcmNoLmNvbS50clwvd3AtY29udGVudFwvdXBsb2Fkc1wvMjAyNVwvMDJcL2Jha3UtbmFyLXJlemlkYW5zLTE3LmpwZWciLCJzbGlkZXNob3ciOiIzN2M0MGI4In0%3D\" href=\"https:\/\/www.canarch.com.tr\/wp-content\/uploads\/2025\/02\/baku-nar-rezidans-17.jpeg\"><figure class=\"swiper-slide-inner\"><img decoding=\"async\" class=\"swiper-slide-image\" src=\"https:\/\/www.canarch.com.tr\/wp-content\/uploads\/2025\/02\/baku-nar-rezidans-17.jpeg\" alt=\"baku-nar-rezidans (17)\" \/><\/figure><\/a><\/div><div class=\"swiper-slide\" role=\"group\" aria-roledescription=\"slide\" aria-label=\"4 of 19\" data-no-translation-aria-label=\"\"><a data-elementor-open-lightbox=\"yes\" data-elementor-lightbox-slideshow=\"37c40b8\" data-elementor-lightbox-title=\"baku-nar-rezidans (16)\" data-e-action-hash=\"#elementor-action%3Aaction%3Dlightbox%26settings%3DeyJpZCI6MjcyMSwidXJsIjoiaHR0cHM6XC9cL3d3dy5jYW5hcmNoLmNvbS50clwvd3AtY29udGVudFwvdXBsb2Fkc1wvMjAyNVwvMDJcL2Jha3UtbmFyLXJlemlkYW5zLTE2LmpwZWciLCJzbGlkZXNob3ciOiIzN2M0MGI4In0%3D\" href=\"https:\/\/www.canarch.com.tr\/wp-content\/uploads\/2025\/02\/baku-nar-rezidans-16.jpeg\"><figure class=\"swiper-slide-inner\"><img decoding=\"async\" class=\"swiper-slide-image\" src=\"https:\/\/www.canarch.com.tr\/wp-content\/uploads\/2025\/02\/baku-nar-rezidans-16.jpeg\" alt=\"baku-nar-rezidans (16)\" \/><\/figure><\/a><\/div><div class=\"swiper-slide\" role=\"group\" aria-roledescription=\"slide\" aria-label=\"5 of 19\" data-no-translation-aria-label=\"\"><a data-elementor-open-lightbox=\"yes\" data-elementor-lightbox-slideshow=\"37c40b8\" data-elementor-lightbox-title=\"baku-nar-rezidans (15)\" data-e-action-hash=\"#elementor-action%3Aaction%3Dlightbox%26settings%3DeyJpZCI6MjcyMCwidXJsIjoiaHR0cHM6XC9cL3d3dy5jYW5hcmNoLmNvbS50clwvd3AtY29udGVudFwvdXBsb2Fkc1wvMjAyNVwvMDJcL2Jha3UtbmFyLXJlemlkYW5zLTE1LmpwZWciLCJzbGlkZXNob3ciOiIzN2M0MGI4In0%3D\" href=\"https:\/\/www.canarch.com.tr\/wp-content\/uploads\/2025\/02\/baku-nar-rezidans-15.jpeg\"><figure class=\"swiper-slide-inner\"><img decoding=\"async\" class=\"swiper-slide-image\" src=\"https:\/\/www.canarch.com.tr\/wp-content\/uploads\/2025\/02\/baku-nar-rezidans-15.jpeg\" alt=\"baku-nar-rezidans (15)\" \/><\/figure><\/a><\/div><div class=\"swiper-slide\" role=\"group\" aria-roledescription=\"slide\" aria-label=\"6 of 19\" data-no-translation-aria-label=\"\"><a data-elementor-open-lightbox=\"yes\" data-elementor-lightbox-slideshow=\"37c40b8\" data-elementor-lightbox-title=\"baku-nar-rezidans (14)\" data-e-action-hash=\"#elementor-action%3Aaction%3Dlightbox%26settings%3DeyJpZCI6MjcxOSwidXJsIjoiaHR0cHM6XC9cL3d3dy5jYW5hcmNoLmNvbS50clwvd3AtY29udGVudFwvdXBsb2Fkc1wvMjAyNVwvMDJcL2Jha3UtbmFyLXJlemlkYW5zLTE0LmpwZWciLCJzbGlkZXNob3ciOiIzN2M0MGI4In0%3D\" href=\"https:\/\/www.canarch.com.tr\/wp-content\/uploads\/2025\/02\/baku-nar-rezidans-14.jpeg\"><figure class=\"swiper-slide-inner\"><img decoding=\"async\" class=\"swiper-slide-image\" src=\"https:\/\/www.canarch.com.tr\/wp-content\/uploads\/2025\/02\/baku-nar-rezidans-14.jpeg\" alt=\"baku-nar-rezidans (14)\" \/><\/figure><\/a><\/div><div class=\"swiper-slide\" role=\"group\" aria-roledescription=\"slide\" aria-label=\"7 of 19\" data-no-translation-aria-label=\"\"><a data-elementor-open-lightbox=\"yes\" data-elementor-lightbox-slideshow=\"37c40b8\" data-elementor-lightbox-title=\"baku-nar-rezidans (13)\" data-e-action-hash=\"#elementor-action%3Aaction%3Dlightbox%26settings%3DeyJpZCI6MjcxOCwidXJsIjoiaHR0cHM6XC9cL3d3dy5jYW5hcmNoLmNvbS50clwvd3AtY29udGVudFwvdXBsb2Fkc1wvMjAyNVwvMDJcL2Jha3UtbmFyLXJlemlkYW5zLTEzLmpwZWciLCJzbGlkZXNob3ciOiIzN2M0MGI4In0%3D\" href=\"https:\/\/www.canarch.com.tr\/wp-content\/uploads\/2025\/02\/baku-nar-rezidans-13.jpeg\"><figure class=\"swiper-slide-inner\"><img decoding=\"async\" class=\"swiper-slide-image\" src=\"https:\/\/www.canarch.com.tr\/wp-content\/uploads\/2025\/02\/baku-nar-rezidans-13.jpeg\" alt=\"baku-nar-rezidans (13)\" \/><\/figure><\/a><\/div><div class=\"swiper-slide\" role=\"group\" aria-roledescription=\"slide\" aria-label=\"8 of 19\" data-no-translation-aria-label=\"\"><a data-elementor-open-lightbox=\"yes\" data-elementor-lightbox-slideshow=\"37c40b8\" data-elementor-lightbox-title=\"baku-nar-rezidans (12)\" data-e-action-hash=\"#elementor-action%3Aaction%3Dlightbox%26settings%3DeyJpZCI6MjcxNywidXJsIjoiaHR0cHM6XC9cL3d3dy5jYW5hcmNoLmNvbS50clwvd3AtY29udGVudFwvdXBsb2Fkc1wvMjAyNVwvMDJcL2Jha3UtbmFyLXJlemlkYW5zLTEyLmpwZWciLCJzbGlkZXNob3ciOiIzN2M0MGI4In0%3D\" href=\"https:\/\/www.canarch.com.tr\/wp-content\/uploads\/2025\/02\/baku-nar-rezidans-12.jpeg\"><figure class=\"swiper-slide-inner\"><img decoding=\"async\" class=\"swiper-slide-image\" src=\"https:\/\/www.canarch.com.tr\/wp-content\/uploads\/2025\/02\/baku-nar-rezidans-12.jpeg\" alt=\"baku-nar-rezidans (12)\" \/><\/figure><\/a><\/div><div class=\"swiper-slide\" role=\"group\" aria-roledescription=\"slide\" aria-label=\"9 of 19\" data-no-translation-aria-label=\"\"><a data-elementor-open-lightbox=\"yes\" data-elementor-lightbox-slideshow=\"37c40b8\" data-elementor-lightbox-title=\"baku-nar-rezidans (11)\" data-e-action-hash=\"#elementor-action%3Aaction%3Dlightbox%26settings%3DeyJpZCI6MjcxNiwidXJsIjoiaHR0cHM6XC9cL3d3dy5jYW5hcmNoLmNvbS50clwvd3AtY29udGVudFwvdXBsb2Fkc1wvMjAyNVwvMDJcL2Jha3UtbmFyLXJlemlkYW5zLTExLmpwZWciLCJzbGlkZXNob3ciOiIzN2M0MGI4In0%3D\" href=\"https:\/\/www.canarch.com.tr\/wp-content\/uploads\/2025\/02\/baku-nar-rezidans-11.jpeg\"><figure class=\"swiper-slide-inner\"><img decoding=\"async\" class=\"swiper-slide-image\" src=\"https:\/\/www.canarch.com.tr\/wp-content\/uploads\/2025\/02\/baku-nar-rezidans-11.jpeg\" alt=\"baku-nar-rezidans (11)\" \/><\/figure><\/a><\/div><div class=\"swiper-slide\" role=\"group\" aria-roledescription=\"slide\" aria-label=\"10 of 19\" data-no-translation-aria-label=\"\"><a data-elementor-open-lightbox=\"yes\" data-elementor-lightbox-slideshow=\"37c40b8\" data-elementor-lightbox-title=\"baku-nar-rezidans (10)\" data-e-action-hash=\"#elementor-action%3Aaction%3Dlightbox%26settings%3DeyJpZCI6MjcxNSwidXJsIjoiaHR0cHM6XC9cL3d3dy5jYW5hcmNoLmNvbS50clwvd3AtY29udGVudFwvdXBsb2Fkc1wvMjAyNVwvMDJcL2Jha3UtbmFyLXJlemlkYW5zLTEwLmpwZWciLCJzbGlkZXNob3ciOiIzN2M0MGI4In0%3D\" href=\"https:\/\/www.canarch.com.tr\/wp-content\/uploads\/2025\/02\/baku-nar-rezidans-10.jpeg\"><figure class=\"swiper-slide-inner\"><img decoding=\"async\" class=\"swiper-slide-image\" src=\"https:\/\/www.canarch.com.tr\/wp-content\/uploads\/2025\/02\/baku-nar-rezidans-10.jpeg\" alt=\"baku-nar-rezidans (10)\" \/><\/figure><\/a><\/div><div class=\"swiper-slide\" role=\"group\" aria-roledescription=\"slide\" aria-label=\"11 of 19\" data-no-translation-aria-label=\"\"><a data-elementor-open-lightbox=\"yes\" data-elementor-lightbox-slideshow=\"37c40b8\" data-elementor-lightbox-title=\"baku-nar-rezidans (9)\" data-e-action-hash=\"#elementor-action%3Aaction%3Dlightbox%26settings%3DeyJpZCI6MjcxNCwidXJsIjoiaHR0cHM6XC9cL3d3dy5jYW5hcmNoLmNvbS50clwvd3AtY29udGVudFwvdXBsb2Fkc1wvMjAyNVwvMDJcL2Jha3UtbmFyLXJlemlkYW5zLTkuanBlZyIsInNsaWRlc2hvdyI6IjM3YzQwYjgifQ%3D%3D\" href=\"https:\/\/www.canarch.com.tr\/wp-content\/uploads\/2025\/02\/baku-nar-rezidans-9.jpeg\"><figure class=\"swiper-slide-inner\"><img decoding=\"async\" class=\"swiper-slide-image\" src=\"https:\/\/www.canarch.com.tr\/wp-content\/uploads\/2025\/02\/baku-nar-rezidans-9.jpeg\" alt=\"baku-nar-rezidans (9)\" \/><\/figure><\/a><\/div><div class=\"swiper-slide\" role=\"group\" aria-roledescription=\"slide\" aria-label=\"12 of 19\" data-no-translation-aria-label=\"\"><a data-elementor-open-lightbox=\"yes\" data-elementor-lightbox-slideshow=\"37c40b8\" data-elementor-lightbox-title=\"baku-nar-rezidans (8)\" data-e-action-hash=\"#elementor-action%3Aaction%3Dlightbox%26settings%3DeyJpZCI6MjcxMywidXJsIjoiaHR0cHM6XC9cL3d3dy5jYW5hcmNoLmNvbS50clwvd3AtY29udGVudFwvdXBsb2Fkc1wvMjAyNVwvMDJcL2Jha3UtbmFyLXJlemlkYW5zLTguanBlZyIsInNsaWRlc2hvdyI6IjM3YzQwYjgifQ%3D%3D\" href=\"https:\/\/www.canarch.com.tr\/wp-content\/uploads\/2025\/02\/baku-nar-rezidans-8.jpeg\"><figure class=\"swiper-slide-inner\"><img decoding=\"async\" class=\"swiper-slide-image\" src=\"https:\/\/www.canarch.com.tr\/wp-content\/uploads\/2025\/02\/baku-nar-rezidans-8.jpeg\" alt=\"baku-nar-rezidans (8)\" \/><\/figure><\/a><\/div><div class=\"swiper-slide\" role=\"group\" aria-roledescription=\"slide\" aria-label=\"13 of 19\" data-no-translation-aria-label=\"\"><a data-elementor-open-lightbox=\"yes\" data-elementor-lightbox-slideshow=\"37c40b8\" data-elementor-lightbox-title=\"baku-nar-rezidans (7)\" data-e-action-hash=\"#elementor-action%3Aaction%3Dlightbox%26settings%3DeyJpZCI6MjcxMiwidXJsIjoiaHR0cHM6XC9cL3d3dy5jYW5hcmNoLmNvbS50clwvd3AtY29udGVudFwvdXBsb2Fkc1wvMjAyNVwvMDJcL2Jha3UtbmFyLXJlemlkYW5zLTcuanBlZyIsInNsaWRlc2hvdyI6IjM3YzQwYjgifQ%3D%3D\" href=\"https:\/\/www.canarch.com.tr\/wp-content\/uploads\/2025\/02\/baku-nar-rezidans-7.jpeg\"><figure class=\"swiper-slide-inner\"><img decoding=\"async\" class=\"swiper-slide-image\" src=\"https:\/\/www.canarch.com.tr\/wp-content\/uploads\/2025\/02\/baku-nar-rezidans-7.jpeg\" alt=\"baku-nar-rezidans (7)\" \/><\/figure><\/a><\/div><div class=\"swiper-slide\" role=\"group\" aria-roledescription=\"slide\" aria-label=\"14 of 19\" data-no-translation-aria-label=\"\"><a data-elementor-open-lightbox=\"yes\" data-elementor-lightbox-slideshow=\"37c40b8\" data-elementor-lightbox-title=\"baku-nar-rezidans (6)\" data-e-action-hash=\"#elementor-action%3Aaction%3Dlightbox%26settings%3DeyJpZCI6MjcxMSwidXJsIjoiaHR0cHM6XC9cL3d3dy5jYW5hcmNoLmNvbS50clwvd3AtY29udGVudFwvdXBsb2Fkc1wvMjAyNVwvMDJcL2Jha3UtbmFyLXJlemlkYW5zLTYuanBlZyIsInNsaWRlc2hvdyI6IjM3YzQwYjgifQ%3D%3D\" href=\"https:\/\/www.canarch.com.tr\/wp-content\/uploads\/2025\/02\/baku-nar-rezidans-6.jpeg\"><figure class=\"swiper-slide-inner\"><img decoding=\"async\" class=\"swiper-slide-image\" src=\"https:\/\/www.canarch.com.tr\/wp-content\/uploads\/2025\/02\/baku-nar-rezidans-6.jpeg\" alt=\"baku-nar-rezidans (6)\" \/><\/figure><\/a><\/div><div class=\"swiper-slide\" role=\"group\" aria-roledescription=\"slide\" aria-label=\"15 of 19\" data-no-translation-aria-label=\"\"><a data-elementor-open-lightbox=\"yes\" data-elementor-lightbox-slideshow=\"37c40b8\" data-elementor-lightbox-title=\"baku-nar-rezidans (5)\" data-e-action-hash=\"#elementor-action%3Aaction%3Dlightbox%26settings%3DeyJpZCI6MjcxMCwidXJsIjoiaHR0cHM6XC9cL3d3dy5jYW5hcmNoLmNvbS50clwvd3AtY29udGVudFwvdXBsb2Fkc1wvMjAyNVwvMDJcL2Jha3UtbmFyLXJlemlkYW5zLTUuanBlZyIsInNsaWRlc2hvdyI6IjM3YzQwYjgifQ%3D%3D\" href=\"https:\/\/www.canarch.com.tr\/wp-content\/uploads\/2025\/02\/baku-nar-rezidans-5.jpeg\"><figure class=\"swiper-slide-inner\"><img decoding=\"async\" class=\"swiper-slide-image\" src=\"https:\/\/www.canarch.com.tr\/wp-content\/uploads\/2025\/02\/baku-nar-rezidans-5.jpeg\" alt=\"baku-nar-rezidans (5)\" \/><\/figure><\/a><\/div><div class=\"swiper-slide\" role=\"group\" aria-roledescription=\"slide\" aria-label=\"16 of 19\" data-no-translation-aria-label=\"\"><a data-elementor-open-lightbox=\"yes\" data-elementor-lightbox-slideshow=\"37c40b8\" data-elementor-lightbox-title=\"baku-nar-rezidans (4)\" data-e-action-hash=\"#elementor-action%3Aaction%3Dlightbox%26settings%3DeyJpZCI6MjcwOSwidXJsIjoiaHR0cHM6XC9cL3d3dy5jYW5hcmNoLmNvbS50clwvd3AtY29udGVudFwvdXBsb2Fkc1wvMjAyNVwvMDJcL2Jha3UtbmFyLXJlemlkYW5zLTQuanBlZyIsInNsaWRlc2hvdyI6IjM3YzQwYjgifQ%3D%3D\" href=\"https:\/\/www.canarch.com.tr\/wp-content\/uploads\/2025\/02\/baku-nar-rezidans-4.jpeg\"><figure class=\"swiper-slide-inner\"><img decoding=\"async\" class=\"swiper-slide-image\" src=\"https:\/\/www.canarch.com.tr\/wp-content\/uploads\/2025\/02\/baku-nar-rezidans-4.jpeg\" alt=\"baku-nar-rezidans (4)\" \/><\/figure><\/a><\/div><div class=\"swiper-slide\" role=\"group\" aria-roledescription=\"slide\" aria-label=\"17 of 19\" data-no-translation-aria-label=\"\"><a data-elementor-open-lightbox=\"yes\" data-elementor-lightbox-slideshow=\"37c40b8\" data-elementor-lightbox-title=\"baku-nar-rezidans (3)\" data-e-action-hash=\"#elementor-action%3Aaction%3Dlightbox%26settings%3DeyJpZCI6MjcwOCwidXJsIjoiaHR0cHM6XC9cL3d3dy5jYW5hcmNoLmNvbS50clwvd3AtY29udGVudFwvdXBsb2Fkc1wvMjAyNVwvMDJcL2Jha3UtbmFyLXJlemlkYW5zLTMuanBlZyIsInNsaWRlc2hvdyI6IjM3YzQwYjgifQ%3D%3D\" href=\"https:\/\/www.canarch.com.tr\/wp-content\/uploads\/2025\/02\/baku-nar-rezidans-3.jpeg\"><figure class=\"swiper-slide-inner\"><img decoding=\"async\" class=\"swiper-slide-image\" src=\"https:\/\/www.canarch.com.tr\/wp-content\/uploads\/2025\/02\/baku-nar-rezidans-3.jpeg\" alt=\"baku-nar-rezidans (3)\" \/><\/figure><\/a><\/div><div class=\"swiper-slide\" role=\"group\" aria-roledescription=\"slide\" aria-label=\"18 of 19\" data-no-translation-aria-label=\"\"><a data-elementor-open-lightbox=\"yes\" data-elementor-lightbox-slideshow=\"37c40b8\" data-elementor-lightbox-title=\"baku-nar-rezidans (2)\" data-e-action-hash=\"#elementor-action%3Aaction%3Dlightbox%26settings%3DeyJpZCI6MjcwNywidXJsIjoiaHR0cHM6XC9cL3d3dy5jYW5hcmNoLmNvbS50clwvd3AtY29udGVudFwvdXBsb2Fkc1wvMjAyNVwvMDJcL2Jha3UtbmFyLXJlemlkYW5zLTIuanBlZyIsInNsaWRlc2hvdyI6IjM3YzQwYjgifQ%3D%3D\" href=\"https:\/\/www.canarch.com.tr\/wp-content\/uploads\/2025\/02\/baku-nar-rezidans-2.jpeg\"><figure class=\"swiper-slide-inner\"><img decoding=\"async\" class=\"swiper-slide-image\" src=\"https:\/\/www.canarch.com.tr\/wp-content\/uploads\/2025\/02\/baku-nar-rezidans-2.jpeg\" alt=\"baku-nar-rezidans (2)\" \/><\/figure><\/a><\/div><div class=\"swiper-slide\" role=\"group\" aria-roledescription=\"slide\" aria-label=\"19 of 19\" data-no-translation-aria-label=\"\"><a data-elementor-open-lightbox=\"yes\" data-elementor-lightbox-slideshow=\"37c40b8\" data-elementor-lightbox-title=\"baku-nar-rezidans (1)\" data-e-action-hash=\"#elementor-action%3Aaction%3Dlightbox%26settings%3DeyJpZCI6MjcwNSwidXJsIjoiaHR0cHM6XC9cL3d3dy5jYW5hcmNoLmNvbS50clwvd3AtY29udGVudFwvdXBsb2Fkc1wvMjAyNVwvMDJcL2Jha3UtbmFyLXJlemlkYW5zLTEuanBlZyIsInNsaWRlc2hvdyI6IjM3YzQwYjgifQ%3D%3D\" href=\"https:\/\/www.canarch.com.tr\/wp-content\/uploads\/2025\/02\/baku-nar-rezidans-1.jpeg\"><figure class=\"swiper-slide-inner\"><img decoding=\"async\" class=\"swiper-slide-image\" src=\"https:\/\/www.canarch.com.tr\/wp-content\/uploads\/2025\/02\/baku-nar-rezidans-1.jpeg\" alt=\"baku-nar-rezidans (1)\" \/><\/figure><\/a><\/div>\t\t\t<\/div>\n\t\t\t\t\t\t\t\t\t\t\t\t<div class=\"elementor-swiper-button elementor-swiper-button-prev\" role=\"button\" tabindex=\"0\">\n\t\t\t\t\t\t<svg aria-hidden=\"true\" class=\"e-font-icon-svg e-eicon-chevron-left\" viewbox=\"0 0 1000 1000\" xmlns=\"http:\/\/www.w3.org\/2000\/svg\"><path d=\"M646 125C629 125 613 133 604 142L308 442C296 454 292 471 292 487 292 504 296 521 308 533L604 854C617 867 629 875 646 875 663 875 679 871 692 858 704 846 713 829 713 812 713 796 708 779 692 767L438 487 692 225C700 217 708 204 708 187 708 171 704 154 692 142 675 129 663 125 646 125Z\"><\/path><\/svg>\t\t\t\t\t<\/div>\n\t\t\t\t\t<div class=\"elementor-swiper-button elementor-swiper-button-next\" role=\"button\" tabindex=\"0\">\n\t\t\t\t\t\t<svg aria-hidden=\"true\" class=\"e-font-icon-svg e-eicon-chevron-right\" viewbox=\"0 0 1000 1000\" xmlns=\"http:\/\/www.w3.org\/2000\/svg\"><path d=\"M696 533C708 521 713 504 713 487 713 471 708 454 696 446L400 146C388 133 375 125 354 125 338 125 325 129 313 142 300 154 292 171 292 187 292 204 296 221 308 233L563 492 304 771C292 783 288 800 288 817 288 833 296 850 308 863 321 871 338 875 354 875 371 875 388 867 400 854L696 533Z\"><\/path><\/svg>\t\t\t\t\t<\/div>\n\t\t\t\t\n\t\t\t\t\t\t\t\t\t<\/div>\n\t\t\t\t\t\t<\/div>\n\t\t\t\t<\/div>\n\t\t\t\t<\/div>\n\t\t\t\t\t<\/div>\n\t\t\t\t<\/div>\n\t\t\t\t<\/div>","protected":false},"excerpt":{"rendered":"<p>Bak\u00fc POJE: Bak\u00fc Nar Rezidans\u0131 \u0130\u015e VEREN: Mahal \u0130n\u015faat KATEGOR\u0130: Konut Proje Detaylar\u0131 Binan\u0131n yap\u0131sal sistemi, ba\u011fl\u0131 diyaframl\u0131 lineer \u00e7er\u00e7eve karkas olarak tasarlanm\u0131\u015ft\u0131r. Temeli monolitik betonarme levha \u015feklindedir ve katlar aras\u0131 d\u00f6\u015femeler de monolitik betonarmeden yap\u0131lm\u0131\u015ft\u0131r. Depreme dayan\u0131kl\u0131l\u0131k seviyesi 8 \u015fiddetindedir. Kompleks, \u015fehir merkezine yak\u0131n bir konumda olup, \u00e7evresinde bir\u00e7ok park ve ye\u015fil alan bulunmaktad\u0131r. [&hellip;]<\/p>","protected":false},"author":1,"featured_media":0,"parent":0,"menu_order":0,"comment_status":"closed","ping_status":"closed","template":"elementor_header_footer","meta":{"footnotes":""},"class_list":["post-2700","page","type-page","status-publish","hentry"],"_links":{"self":[{"href":"https:\/\/www.canarch.com.tr\/en\/wp-json\/wp\/v2\/pages\/2700","targetHints":{"allow":["GET"]}}],"collection":[{"href":"https:\/\/www.canarch.com.tr\/en\/wp-json\/wp\/v2\/pages"}],"about":[{"href":"https:\/\/www.canarch.com.tr\/en\/wp-json\/wp\/v2\/types\/page"}],"author":[{"embeddable":true,"href":"https:\/\/www.canarch.com.tr\/en\/wp-json\/wp\/v2\/users\/1"}],"replies":[{"embeddable":true,"href":"https:\/\/www.canarch.com.tr\/en\/wp-json\/wp\/v2\/comments?post=2700"}],"version-history":[{"count":16,"href":"https:\/\/www.canarch.com.tr\/en\/wp-json\/wp\/v2\/pages\/2700\/revisions"}],"predecessor-version":[{"id":3046,"href":"https:\/\/www.canarch.com.tr\/en\/wp-json\/wp\/v2\/pages\/2700\/revisions\/3046"}],"wp:attachment":[{"href":"https:\/\/www.canarch.com.tr\/en\/wp-json\/wp\/v2\/media?parent=2700"}],"curies":[{"name":"wp","href":"https:\/\/api.w.org\/{rel}","templated":true}]}}