{"id":3152,"date":"2025-02-26T10:35:31","date_gmt":"2025-02-26T07:35:31","guid":{"rendered":"https:\/\/canarch.com.tr\/?page_id=3152"},"modified":"2025-02-26T16:14:20","modified_gmt":"2025-02-26T13:14:20","slug":"hilton-otel","status":"publish","type":"page","link":"https:\/\/www.canarch.com.tr\/en\/hilton-hotel\/","title":{"rendered":"Hilton\u00a0Hotel"},"content":{"rendered":"<div data-elementor-type=\"wp-page\" data-elementor-id=\"3152\" class=\"elementor elementor-3152\">\n\t\t\t\t<div class=\"elementor-element elementor-element-60269d9 e-flex e-con-boxed e-con e-parent\" data-id=\"60269d9\" data-element_type=\"container\">\n\t\t\t\t\t<div class=\"e-con-inner\">\n\t\t<div class=\"elementor-element elementor-element-bf129f8 e-con-full e-flex e-con e-child\" data-id=\"bf129f8\" data-element_type=\"container\">\n\t\t\t\t<div class=\"elementor-element elementor-element-37c40b8 elementor-arrows-position-inside elementor-widget elementor-widget-image-carousel\" data-id=\"37c40b8\" data-element_type=\"widget\" data-settings=\"{&quot;image_spacing_custom&quot;:{&quot;unit&quot;:&quot;px&quot;,&quot;size&quot;:15,&quot;sizes&quot;:[]},&quot;navigation&quot;:&quot;arrows&quot;,&quot;autoplay&quot;:&quot;yes&quot;,&quot;pause_on_hover&quot;:&quot;yes&quot;,&quot;pause_on_interaction&quot;:&quot;yes&quot;,&quot;autoplay_speed&quot;:5000,&quot;infinite&quot;:&quot;yes&quot;,&quot;speed&quot;:500,&quot;image_spacing_custom_tablet&quot;:{&quot;unit&quot;:&quot;px&quot;,&quot;size&quot;:&quot;&quot;,&quot;sizes&quot;:[]},&quot;image_spacing_custom_mobile&quot;:{&quot;unit&quot;:&quot;px&quot;,&quot;size&quot;:&quot;&quot;,&quot;sizes&quot;:[]}}\" data-widget_type=\"image-carousel.default\">\n\t\t\t\t<div class=\"elementor-widget-container\">\n\t\t\t\t\t\t\t<div class=\"elementor-image-carousel-wrapper swiper\" role=\"region\" aria-roledescription=\"carousel\" aria-label=\"Resim D\u00f6ng\u00fcs\u00fc\" dir=\"ltr\">\n\t\t\t<div class=\"elementor-image-carousel swiper-wrapper\" aria-live=\"off\">\n\t\t\t\t\t\t\t\t<div class=\"swiper-slide\" role=\"group\" aria-roledescription=\"slide\" aria-label=\"1 of 13\" data-no-translation-aria-label=\"\"><a data-elementor-open-lightbox=\"yes\" data-elementor-lightbox-slideshow=\"37c40b8\" data-elementor-lightbox-title=\"canarch-hilton-otel-3\" data-e-action-hash=\"#elementor-action%3Aaction%3Dlightbox%26settings%3DeyJpZCI6MzIxNSwidXJsIjoiaHR0cHM6XC9cL3d3dy5jYW5hcmNoLmNvbS50clwvd3AtY29udGVudFwvdXBsb2Fkc1wvMjAyNVwvMDJcL2NhbmFyY2gtaGlsdG9uLW90ZWwtMy0xLmpwZyIsInNsaWRlc2hvdyI6IjM3YzQwYjgifQ%3D%3D\" href=\"https:\/\/www.canarch.com.tr\/wp-content\/uploads\/2025\/02\/canarch-hilton-otel-3-1.jpg\"><figure class=\"swiper-slide-inner\"><img decoding=\"async\" class=\"swiper-slide-image\" src=\"https:\/\/www.canarch.com.tr\/wp-content\/uploads\/2025\/02\/canarch-hilton-otel-3-1.jpg\" alt=\"canarch-hilton-otel-3\" \/><\/figure><\/a><\/div><div class=\"swiper-slide\" role=\"group\" aria-roledescription=\"slide\" aria-label=\"2 of 13\" data-no-translation-aria-label=\"\"><a data-elementor-open-lightbox=\"yes\" data-elementor-lightbox-slideshow=\"37c40b8\" data-elementor-lightbox-title=\"canarch-hilton-otel-4\" data-e-action-hash=\"#elementor-action%3Aaction%3Dlightbox%26settings%3DeyJpZCI6MzIxNiwidXJsIjoiaHR0cHM6XC9cL3d3dy5jYW5hcmNoLmNvbS50clwvd3AtY29udGVudFwvdXBsb2Fkc1wvMjAyNVwvMDJcL2NhbmFyY2gtaGlsdG9uLW90ZWwtNC0xLmpwZyIsInNsaWRlc2hvdyI6IjM3YzQwYjgifQ%3D%3D\" href=\"https:\/\/www.canarch.com.tr\/wp-content\/uploads\/2025\/02\/canarch-hilton-otel-4-1.jpg\"><figure class=\"swiper-slide-inner\"><img decoding=\"async\" class=\"swiper-slide-image\" src=\"https:\/\/www.canarch.com.tr\/wp-content\/uploads\/2025\/02\/canarch-hilton-otel-4-1.jpg\" alt=\"canarch-hilton-otel-4\" \/><\/figure><\/a><\/div><div class=\"swiper-slide\" role=\"group\" aria-roledescription=\"slide\" aria-label=\"3 of 13\" data-no-translation-aria-label=\"\"><a data-elementor-open-lightbox=\"yes\" data-elementor-lightbox-slideshow=\"37c40b8\" data-elementor-lightbox-title=\"canarch-hilton-otel-5\" data-e-action-hash=\"#elementor-action%3Aaction%3Dlightbox%26settings%3DeyJpZCI6MzIxNywidXJsIjoiaHR0cHM6XC9cL3d3dy5jYW5hcmNoLmNvbS50clwvd3AtY29udGVudFwvdXBsb2Fkc1wvMjAyNVwvMDJcL2NhbmFyY2gtaGlsdG9uLW90ZWwtNS0xLmpwZyIsInNsaWRlc2hvdyI6IjM3YzQwYjgifQ%3D%3D\" href=\"https:\/\/www.canarch.com.tr\/wp-content\/uploads\/2025\/02\/canarch-hilton-otel-5-1.jpg\"><figure class=\"swiper-slide-inner\"><img decoding=\"async\" class=\"swiper-slide-image\" src=\"https:\/\/www.canarch.com.tr\/wp-content\/uploads\/2025\/02\/canarch-hilton-otel-5-1.jpg\" alt=\"canarch-hilton-otel-5\" \/><\/figure><\/a><\/div><div class=\"swiper-slide\" role=\"group\" aria-roledescription=\"slide\" aria-label=\"4 of 13\" data-no-translation-aria-label=\"\"><a data-elementor-open-lightbox=\"yes\" data-elementor-lightbox-slideshow=\"37c40b8\" data-elementor-lightbox-title=\"canarch-hilton-otel\" data-e-action-hash=\"#elementor-action%3Aaction%3Dlightbox%26settings%3DeyJpZCI6MzIyNSwidXJsIjoiaHR0cHM6XC9cL3d3dy5jYW5hcmNoLmNvbS50clwvd3AtY29udGVudFwvdXBsb2Fkc1wvMjAyNVwvMDJcL2NhbmFyY2gtaGlsdG9uLW90ZWwtMTMuanBnIiwic2xpZGVzaG93IjoiMzdjNDBiOCJ9\" href=\"https:\/\/www.canarch.com.tr\/wp-content\/uploads\/2025\/02\/canarch-hilton-otel-13.jpg\"><figure class=\"swiper-slide-inner\"><img decoding=\"async\" class=\"swiper-slide-image\" src=\"https:\/\/www.canarch.com.tr\/wp-content\/uploads\/2025\/02\/canarch-hilton-otel-13.jpg\" alt=\"canarch-hilton-otel\" \/><\/figure><\/a><\/div><div class=\"swiper-slide\" role=\"group\" aria-roledescription=\"slide\" aria-label=\"5 of 13\" data-no-translation-aria-label=\"\"><a data-elementor-open-lightbox=\"yes\" data-elementor-lightbox-slideshow=\"37c40b8\" data-elementor-lightbox-title=\"canarch-hilton-otel-1\" data-e-action-hash=\"#elementor-action%3Aaction%3Dlightbox%26settings%3DeyJpZCI6MzIyNiwidXJsIjoiaHR0cHM6XC9cL3d3dy5jYW5hcmNoLmNvbS50clwvd3AtY29udGVudFwvdXBsb2Fkc1wvMjAyNVwvMDJcL2NhbmFyY2gtaGlsdG9uLW90ZWwtMS0xLmpwZyIsInNsaWRlc2hvdyI6IjM3YzQwYjgifQ%3D%3D\" href=\"https:\/\/www.canarch.com.tr\/wp-content\/uploads\/2025\/02\/canarch-hilton-otel-1-1.jpg\"><figure class=\"swiper-slide-inner\"><img decoding=\"async\" class=\"swiper-slide-image\" src=\"https:\/\/www.canarch.com.tr\/wp-content\/uploads\/2025\/02\/canarch-hilton-otel-1-1.jpg\" alt=\"canarch-hilton-otel-1\" \/><\/figure><\/a><\/div><div class=\"swiper-slide\" role=\"group\" aria-roledescription=\"slide\" aria-label=\"6 of 13\" data-no-translation-aria-label=\"\"><a data-elementor-open-lightbox=\"yes\" data-elementor-lightbox-slideshow=\"37c40b8\" data-elementor-lightbox-title=\"canarch-hilton-otel-2\" data-e-action-hash=\"#elementor-action%3Aaction%3Dlightbox%26settings%3DeyJpZCI6MzIyNywidXJsIjoiaHR0cHM6XC9cL3d3dy5jYW5hcmNoLmNvbS50clwvd3AtY29udGVudFwvdXBsb2Fkc1wvMjAyNVwvMDJcL2NhbmFyY2gtaGlsdG9uLW90ZWwtMi0xLmpwZyIsInNsaWRlc2hvdyI6IjM3YzQwYjgifQ%3D%3D\" href=\"https:\/\/www.canarch.com.tr\/wp-content\/uploads\/2025\/02\/canarch-hilton-otel-2-1.jpg\"><figure class=\"swiper-slide-inner\"><img decoding=\"async\" class=\"swiper-slide-image\" src=\"https:\/\/www.canarch.com.tr\/wp-content\/uploads\/2025\/02\/canarch-hilton-otel-2-1.jpg\" alt=\"canarch-hilton-otel-2\" \/><\/figure><\/a><\/div><div class=\"swiper-slide\" role=\"group\" aria-roledescription=\"slide\" aria-label=\"7 of 13\" data-no-translation-aria-label=\"\"><a data-elementor-open-lightbox=\"yes\" data-elementor-lightbox-slideshow=\"37c40b8\" data-elementor-lightbox-title=\"canarch-hilton-otel-6\" data-e-action-hash=\"#elementor-action%3Aaction%3Dlightbox%26settings%3DeyJpZCI6MzIxOCwidXJsIjoiaHR0cHM6XC9cL3d3dy5jYW5hcmNoLmNvbS50clwvd3AtY29udGVudFwvdXBsb2Fkc1wvMjAyNVwvMDJcL2NhbmFyY2gtaGlsdG9uLW90ZWwtNi0xLmpwZyIsInNsaWRlc2hvdyI6IjM3YzQwYjgifQ%3D%3D\" href=\"https:\/\/www.canarch.com.tr\/wp-content\/uploads\/2025\/02\/canarch-hilton-otel-6-1.jpg\"><figure class=\"swiper-slide-inner\"><img decoding=\"async\" class=\"swiper-slide-image\" src=\"https:\/\/www.canarch.com.tr\/wp-content\/uploads\/2025\/02\/canarch-hilton-otel-6-1.jpg\" alt=\"canarch-hilton-otel-6\" \/><\/figure><\/a><\/div><div class=\"swiper-slide\" role=\"group\" aria-roledescription=\"slide\" aria-label=\"8 of 13\" data-no-translation-aria-label=\"\"><a data-elementor-open-lightbox=\"yes\" data-elementor-lightbox-slideshow=\"37c40b8\" data-elementor-lightbox-title=\"canarch-hilton-otel-7\" data-e-action-hash=\"#elementor-action%3Aaction%3Dlightbox%26settings%3DeyJpZCI6MzIxOSwidXJsIjoiaHR0cHM6XC9cL3d3dy5jYW5hcmNoLmNvbS50clwvd3AtY29udGVudFwvdXBsb2Fkc1wvMjAyNVwvMDJcL2NhbmFyY2gtaGlsdG9uLW90ZWwtNy0xLmpwZyIsInNsaWRlc2hvdyI6IjM3YzQwYjgifQ%3D%3D\" href=\"https:\/\/www.canarch.com.tr\/wp-content\/uploads\/2025\/02\/canarch-hilton-otel-7-1.jpg\"><figure class=\"swiper-slide-inner\"><img decoding=\"async\" class=\"swiper-slide-image\" src=\"https:\/\/www.canarch.com.tr\/wp-content\/uploads\/2025\/02\/canarch-hilton-otel-7-1.jpg\" alt=\"canarch-hilton-otel-7\" \/><\/figure><\/a><\/div><div class=\"swiper-slide\" role=\"group\" aria-roledescription=\"slide\" aria-label=\"9 of 13\" data-no-translation-aria-label=\"\"><a data-elementor-open-lightbox=\"yes\" data-elementor-lightbox-slideshow=\"37c40b8\" data-elementor-lightbox-title=\"canarch-hilton-otel-8\" data-e-action-hash=\"#elementor-action%3Aaction%3Dlightbox%26settings%3DeyJpZCI6MzIyMCwidXJsIjoiaHR0cHM6XC9cL3d3dy5jYW5hcmNoLmNvbS50clwvd3AtY29udGVudFwvdXBsb2Fkc1wvMjAyNVwvMDJcL2NhbmFyY2gtaGlsdG9uLW90ZWwtOC0xLmpwZyIsInNsaWRlc2hvdyI6IjM3YzQwYjgifQ%3D%3D\" href=\"https:\/\/www.canarch.com.tr\/wp-content\/uploads\/2025\/02\/canarch-hilton-otel-8-1.jpg\"><figure class=\"swiper-slide-inner\"><img decoding=\"async\" class=\"swiper-slide-image\" src=\"https:\/\/www.canarch.com.tr\/wp-content\/uploads\/2025\/02\/canarch-hilton-otel-8-1.jpg\" alt=\"canarch-hilton-otel-8\" \/><\/figure><\/a><\/div><div class=\"swiper-slide\" role=\"group\" aria-roledescription=\"slide\" aria-label=\"10 of 13\" data-no-translation-aria-label=\"\"><a data-elementor-open-lightbox=\"yes\" data-elementor-lightbox-slideshow=\"37c40b8\" data-elementor-lightbox-title=\"canarch-hilton-otel-9\" data-e-action-hash=\"#elementor-action%3Aaction%3Dlightbox%26settings%3DeyJpZCI6MzIyMSwidXJsIjoiaHR0cHM6XC9cL3d3dy5jYW5hcmNoLmNvbS50clwvd3AtY29udGVudFwvdXBsb2Fkc1wvMjAyNVwvMDJcL2NhbmFyY2gtaGlsdG9uLW90ZWwtOS0xLmpwZyIsInNsaWRlc2hvdyI6IjM3YzQwYjgifQ%3D%3D\" href=\"https:\/\/www.canarch.com.tr\/wp-content\/uploads\/2025\/02\/canarch-hilton-otel-9-1.jpg\"><figure class=\"swiper-slide-inner\"><img decoding=\"async\" class=\"swiper-slide-image\" src=\"https:\/\/www.canarch.com.tr\/wp-content\/uploads\/2025\/02\/canarch-hilton-otel-9-1.jpg\" alt=\"canarch-hilton-otel-9\" \/><\/figure><\/a><\/div><div class=\"swiper-slide\" role=\"group\" aria-roledescription=\"slide\" aria-label=\"11 of 13\" data-no-translation-aria-label=\"\"><a data-elementor-open-lightbox=\"yes\" data-elementor-lightbox-slideshow=\"37c40b8\" data-elementor-lightbox-title=\"canarch-hilton-otel-10\" data-e-action-hash=\"#elementor-action%3Aaction%3Dlightbox%26settings%3DeyJpZCI6MzIyMiwidXJsIjoiaHR0cHM6XC9cL3d3dy5jYW5hcmNoLmNvbS50clwvd3AtY29udGVudFwvdXBsb2Fkc1wvMjAyNVwvMDJcL2NhbmFyY2gtaGlsdG9uLW90ZWwtMTAtMS5qcGciLCJzbGlkZXNob3ciOiIzN2M0MGI4In0%3D\" href=\"https:\/\/www.canarch.com.tr\/wp-content\/uploads\/2025\/02\/canarch-hilton-otel-10-1.jpg\"><figure class=\"swiper-slide-inner\"><img decoding=\"async\" class=\"swiper-slide-image\" src=\"https:\/\/www.canarch.com.tr\/wp-content\/uploads\/2025\/02\/canarch-hilton-otel-10-1.jpg\" alt=\"canarch-hilton-otel-10\" \/><\/figure><\/a><\/div><div class=\"swiper-slide\" role=\"group\" aria-roledescription=\"slide\" aria-label=\"12 of 13\" data-no-translation-aria-label=\"\"><a data-elementor-open-lightbox=\"yes\" data-elementor-lightbox-slideshow=\"37c40b8\" data-elementor-lightbox-title=\"canarch-hilton-otel-11\" data-e-action-hash=\"#elementor-action%3Aaction%3Dlightbox%26settings%3DeyJpZCI6MzIyMywidXJsIjoiaHR0cHM6XC9cL3d3dy5jYW5hcmNoLmNvbS50clwvd3AtY29udGVudFwvdXBsb2Fkc1wvMjAyNVwvMDJcL2NhbmFyY2gtaGlsdG9uLW90ZWwtMTEtMS5qcGciLCJzbGlkZXNob3ciOiIzN2M0MGI4In0%3D\" href=\"https:\/\/www.canarch.com.tr\/wp-content\/uploads\/2025\/02\/canarch-hilton-otel-11-1.jpg\"><figure class=\"swiper-slide-inner\"><img decoding=\"async\" class=\"swiper-slide-image\" src=\"https:\/\/www.canarch.com.tr\/wp-content\/uploads\/2025\/02\/canarch-hilton-otel-11-1.jpg\" alt=\"canarch-hilton-otel-11\" \/><\/figure><\/a><\/div><div class=\"swiper-slide\" role=\"group\" aria-roledescription=\"slide\" aria-label=\"13 of 13\" data-no-translation-aria-label=\"\"><a data-elementor-open-lightbox=\"yes\" data-elementor-lightbox-slideshow=\"37c40b8\" data-elementor-lightbox-title=\"canarch-hilton-otel-12\" data-e-action-hash=\"#elementor-action%3Aaction%3Dlightbox%26settings%3DeyJpZCI6MzIyNCwidXJsIjoiaHR0cHM6XC9cL3d3dy5jYW5hcmNoLmNvbS50clwvd3AtY29udGVudFwvdXBsb2Fkc1wvMjAyNVwvMDJcL2NhbmFyY2gtaGlsdG9uLW90ZWwtMTItMS5qcGciLCJzbGlkZXNob3ciOiIzN2M0MGI4In0%3D\" href=\"https:\/\/www.canarch.com.tr\/wp-content\/uploads\/2025\/02\/canarch-hilton-otel-12-1.jpg\"><figure class=\"swiper-slide-inner\"><img decoding=\"async\" class=\"swiper-slide-image\" src=\"https:\/\/www.canarch.com.tr\/wp-content\/uploads\/2025\/02\/canarch-hilton-otel-12-1.jpg\" alt=\"canarch-hilton-otel-12\" \/><\/figure><\/a><\/div>\t\t\t<\/div>\n\t\t\t\t\t\t\t\t\t\t\t\t<div class=\"elementor-swiper-button elementor-swiper-button-prev\" role=\"button\" tabindex=\"0\">\n\t\t\t\t\t\t<svg aria-hidden=\"true\" class=\"e-font-icon-svg e-eicon-chevron-left\" viewbox=\"0 0 1000 1000\" xmlns=\"http:\/\/www.w3.org\/2000\/svg\"><path d=\"M646 125C629 125 613 133 604 142L308 442C296 454 292 471 292 487 292 504 296 521 308 533L604 854C617 867 629 875 646 875 663 875 679 871 692 858 704 846 713 829 713 812 713 796 708 779 692 767L438 487 692 225C700 217 708 204 708 187 708 171 704 154 692 142 675 129 663 125 646 125Z\"><\/path><\/svg>\t\t\t\t\t<\/div>\n\t\t\t\t\t<div class=\"elementor-swiper-button elementor-swiper-button-next\" role=\"button\" tabindex=\"0\">\n\t\t\t\t\t\t<svg aria-hidden=\"true\" class=\"e-font-icon-svg e-eicon-chevron-right\" viewbox=\"0 0 1000 1000\" xmlns=\"http:\/\/www.w3.org\/2000\/svg\"><path d=\"M696 533C708 521 713 504 713 487 713 471 708 454 696 446L400 146C388 133 375 125 354 125 338 125 325 129 313 142 300 154 292 171 292 187 292 204 296 221 308 233L563 492 304 771C292 783 288 800 288 817 288 833 296 850 308 863 321 871 338 875 354 875 371 875 388 867 400 854L696 533Z\"><\/path><\/svg>\t\t\t\t\t<\/div>\n\t\t\t\t\n\t\t\t\t\t\t\t\t\t<\/div>\n\t\t\t\t\t\t<\/div>\n\t\t\t\t<\/div>\n\t\t\t\t<\/div>\n\t\t\t\t\t<\/div>\n\t\t\t\t<\/div>\n\t\t\t\t<\/div>","protected":false},"excerpt":{"rendered":"","protected":false},"author":1,"featured_media":0,"parent":0,"menu_order":0,"comment_status":"closed","ping_status":"closed","template":"elementor_header_footer","meta":{"footnotes":""},"class_list":["post-3152","page","type-page","status-publish","hentry"],"_links":{"self":[{"href":"https:\/\/www.canarch.com.tr\/en\/wp-json\/wp\/v2\/pages\/3152","targetHints":{"allow":["GET"]}}],"collection":[{"href":"https:\/\/www.canarch.com.tr\/en\/wp-json\/wp\/v2\/pages"}],"about":[{"href":"https:\/\/www.canarch.com.tr\/en\/wp-json\/wp\/v2\/types\/page"}],"author":[{"embeddable":true,"href":"https:\/\/www.canarch.com.tr\/en\/wp-json\/wp\/v2\/users\/1"}],"replies":[{"embeddable":true,"href":"https:\/\/www.canarch.com.tr\/en\/wp-json\/wp\/v2\/comments?post=3152"}],"version-history":[{"count":10,"href":"https:\/\/www.canarch.com.tr\/en\/wp-json\/wp\/v2\/pages\/3152\/revisions"}],"predecessor-version":[{"id":3231,"href":"https:\/\/www.canarch.com.tr\/en\/wp-json\/wp\/v2\/pages\/3152\/revisions\/3231"}],"wp:attachment":[{"href":"https:\/\/www.canarch.com.tr\/en\/wp-json\/wp\/v2\/media?parent=3152"}],"curies":[{"name":"wp","href":"https:\/\/api.w.org\/{rel}","templated":true}]}}